{"id":14874,"date":"2024-04-30T15:44:13","date_gmt":"2024-04-30T12:44:13","guid":{"rendered":"https:\/\/staging-shop.mrs-electronic.com\/product\/can-io-sps\/"},"modified":"2026-04-15T02:25:49","modified_gmt":"2026-04-15T00:25:49","slug":"can-io-sps","status":"publish","type":"product","link":"https:\/\/shop.mrs-electronic.com\/de\/produkt\/can-io-sps\/","title":{"rendered":"CAN I\/O SPS"},"content":{"rendered":"<p>Die kompakte CAN I\/O SPS mit 14 Ein- und Ausg\u00e4ngen und einem Betriebsspannungsbereich von 9 bis 32 V \u00fcberzeugt durch zahlreiche Best\u00fcckungsvarianten. Neben acht I\/Os die als Ein- oder Ausg\u00e4nge konfiguriert werden k\u00f6nnen, gibt es sechs analoge Eing\u00e4nge. Das praktisch dimensionierte Geh\u00e4use ist ideal geeignet f\u00fcr enge Einbaur\u00e4ume. Das Modul ist mit einer CAN-Schnittstelle ausgestattet und kann um eine RS232- oder RS485-Schnittstelle erweitert werden. Dadurch kann ein Datenaustausch (Gateway) zwischen CAN und der Seriellen Schnittstelle hergestellt werden. Die CAN I\/O SPS kann als I\/O Modul in einem CAN-Netzwerk sowie auch als eigenst\u00e4ndige und intelligente SPS eingesetzt werden.<\/p>\n","protected":false},"excerpt":{"rendered":"<p>Die kompakte CAN I\/O SPS mit 14 Ein- und Ausg\u00e4ngen und einem Betriebsspannungsbereich von 9 bis 32 V \u00fcberzeugt durch<\/p>\n","protected":false},"featured_media":17571,"template":"","meta":[],"product_brand":[],"product_cat":[728],"product_tag":[],"class_list":{"0":"post-14874","1":"product","2":"type-product","3":"status-publish","4":"has-post-thumbnail","6":"product_cat-vernetzte-steuerungen-de","8":"first","9":"instock","10":"taxable","11":"shipping-taxable","12":"purchasable","13":"product-type-variable"},"_links":{"self":[{"href":"https:\/\/shop.mrs-electronic.com\/de\/wp-json\/wp\/v2\/product\/14874","targetHints":{"allow":["GET"]}}],"collection":[{"href":"https:\/\/shop.mrs-electronic.com\/de\/wp-json\/wp\/v2\/product"}],"about":[{"href":"https:\/\/shop.mrs-electronic.com\/de\/wp-json\/wp\/v2\/types\/product"}],"wp:featuredmedia":[{"embeddable":true,"href":"https:\/\/shop.mrs-electronic.com\/de\/wp-json\/wp\/v2\/media\/17571"}],"wp:attachment":[{"href":"https:\/\/shop.mrs-electronic.com\/de\/wp-json\/wp\/v2\/media?parent=14874"}],"wp:term":[{"taxonomy":"product_brand","embeddable":true,"href":"https:\/\/shop.mrs-electronic.com\/de\/wp-json\/wp\/v2\/product_brand?post=14874"},{"taxonomy":"product_cat","embeddable":true,"href":"https:\/\/shop.mrs-electronic.com\/de\/wp-json\/wp\/v2\/product_cat?post=14874"},{"taxonomy":"product_tag","embeddable":true,"href":"https:\/\/shop.mrs-electronic.com\/de\/wp-json\/wp\/v2\/product_tag?post=14874"}],"curies":[{"name":"wp","href":"https:\/\/api.w.org\/{rel}","templated":true}]}}