{"id":14830,"date":"2024-04-30T14:44:00","date_gmt":"2024-04-30T12:44:00","guid":{"rendered":"https:\/\/staging-shop.mrs-electronic.com\/product\/zeitrelais-abfallverzoegert-einstellbar-24v\/"},"modified":"2026-04-08T02:25:45","modified_gmt":"2026-04-08T00:25:45","slug":"zeitrelais-abfallverzoegert-einstellbar-24v","status":"publish","type":"product","link":"https:\/\/shop.mrs-electronic.com\/de\/produkt\/zeitrelais-abfallverzoegert-einstellbar-24v\/","title":{"rendered":"Zeitrelais abfallverz\u00f6gert einstellbar 24 V"},"content":{"rendered":"<p>Bei Zeitrelais ein\u00adstell\u00adbar abfallverz\u00f6gert kann die ge\u00adnaue Verz\u00f6gerungszeit via Poti innerhalb des gew\u00e4hlten Zeitbereichs eingestellt werden. Zur Auswahl stehen standardm\u00e4\u00dfig f\u00fcnf Zeitbereiche (siehe Bestellvarianten). Andere Zeitbereiche realisieren wir auf Anfrage.<br \/>\nAlle Schaltbilder: An Klemme 30\/87z wird Betriebsspannung angelegt. Wird an Klemme 15 Spannung angelegt, zieht das Relais unmittelbar an. Wird die Spannung an Klemme 15 weggenommen, f\u00e4llt das Relais nach Ablauf der eingestellten Zeit ab. Schaltbild S4: Das Relais verbraucht durch die Diodenbeschaltung nach dem Abfallen keinen Ruhestrom. Geh\u00e4useformen finden Sie im Kapitel Geh\u00e4use und Grundk\u00f6rper.<\/p>\n","protected":false},"excerpt":{"rendered":"<p>Bei Zeitrelais ein\u00adstell\u00adbar abfallverz\u00f6gert kann die ge\u00adnaue Verz\u00f6gerungszeit via Poti innerhalb des gew\u00e4hlten Zeitbereichs eingestellt werden. Zur Auswahl stehen standardm\u00e4\u00dfig<\/p>\n","protected":false},"featured_media":14215,"template":"","meta":[],"product_brand":[],"product_cat":[742],"product_tag":[],"class_list":{"0":"post-14830","1":"product","2":"type-product","3":"status-publish","4":"has-post-thumbnail","6":"product_cat-zeitrelais-de","8":"first","9":"instock","10":"taxable","11":"shipping-taxable","12":"purchasable","13":"product-type-variable"},"_links":{"self":[{"href":"https:\/\/shop.mrs-electronic.com\/de\/wp-json\/wp\/v2\/product\/14830","targetHints":{"allow":["GET"]}}],"collection":[{"href":"https:\/\/shop.mrs-electronic.com\/de\/wp-json\/wp\/v2\/product"}],"about":[{"href":"https:\/\/shop.mrs-electronic.com\/de\/wp-json\/wp\/v2\/types\/product"}],"wp:featuredmedia":[{"embeddable":true,"href":"https:\/\/shop.mrs-electronic.com\/de\/wp-json\/wp\/v2\/media\/14215"}],"wp:attachment":[{"href":"https:\/\/shop.mrs-electronic.com\/de\/wp-json\/wp\/v2\/media?parent=14830"}],"wp:term":[{"taxonomy":"product_brand","embeddable":true,"href":"https:\/\/shop.mrs-electronic.com\/de\/wp-json\/wp\/v2\/product_brand?post=14830"},{"taxonomy":"product_cat","embeddable":true,"href":"https:\/\/shop.mrs-electronic.com\/de\/wp-json\/wp\/v2\/product_cat?post=14830"},{"taxonomy":"product_tag","embeddable":true,"href":"https:\/\/shop.mrs-electronic.com\/de\/wp-json\/wp\/v2\/product_tag?post=14830"}],"curies":[{"name":"wp","href":"https:\/\/api.w.org\/{rel}","templated":true}]}}