{"id":14786,"date":"2024-04-30T15:43:48","date_gmt":"2024-04-30T12:43:48","guid":{"rendered":"https:\/\/staging-shop.mrs-electronic.com\/product\/gehaeuse\/"},"modified":"2026-04-27T02:25:10","modified_gmt":"2026-04-27T00:25:10","slug":"gehaeuse","status":"publish","type":"product","link":"https:\/\/shop.mrs-electronic.com\/de\/produkt\/gehaeuse\/","title":{"rendered":"Geh\u00e4use"},"content":{"rendered":"<p>Passend zu den Bodenplatten bietet das kompatible MRS Geh\u00e4use aus Kunststoff (PA66 GF30) den perfekten Schutz f\u00fcr Ihre Elektronik. Durch den optimalen Glasfaser-Anteil ist das Geh\u00e4use besonders bruchfest und sch\u00fctzt so vor mechanischen Besch\u00e4digungen und Feuchtigkeit. W\u00e4hlen Sie je nach pers\u00f6nlicher Anforderung zwischen verschiedenen Geh\u00e4usegr\u00f6\u00dfen und Ausf\u00fchrungen aus.<br \/>\nF\u00fcr weitere Informationen zu diesem Produkt wenden Sie sich bitte an unseren MRS Kundenservice.<\/p>\n","protected":false},"excerpt":{"rendered":"<p>Passend zu den Bodenplatten bietet das kompatible MRS Geh\u00e4use aus Kunststoff (PA66 GF30) den perfekten Schutz f\u00fcr Ihre Elektronik. Durch<\/p>\n","protected":false},"featured_media":14771,"template":"","meta":[],"product_brand":[],"product_cat":[766],"product_tag":[],"class_list":{"0":"post-14786","1":"product","2":"type-product","3":"status-publish","4":"has-post-thumbnail","6":"product_cat-gehaeuse-und-bodenplatten-de","8":"first","9":"instock","10":"taxable","11":"shipping-taxable","12":"purchasable","13":"product-type-variable"},"_links":{"self":[{"href":"https:\/\/shop.mrs-electronic.com\/de\/wp-json\/wp\/v2\/product\/14786","targetHints":{"allow":["GET"]}}],"collection":[{"href":"https:\/\/shop.mrs-electronic.com\/de\/wp-json\/wp\/v2\/product"}],"about":[{"href":"https:\/\/shop.mrs-electronic.com\/de\/wp-json\/wp\/v2\/types\/product"}],"wp:featuredmedia":[{"embeddable":true,"href":"https:\/\/shop.mrs-electronic.com\/de\/wp-json\/wp\/v2\/media\/14771"}],"wp:attachment":[{"href":"https:\/\/shop.mrs-electronic.com\/de\/wp-json\/wp\/v2\/media?parent=14786"}],"wp:term":[{"taxonomy":"product_brand","embeddable":true,"href":"https:\/\/shop.mrs-electronic.com\/de\/wp-json\/wp\/v2\/product_brand?post=14786"},{"taxonomy":"product_cat","embeddable":true,"href":"https:\/\/shop.mrs-electronic.com\/de\/wp-json\/wp\/v2\/product_cat?post=14786"},{"taxonomy":"product_tag","embeddable":true,"href":"https:\/\/shop.mrs-electronic.com\/de\/wp-json\/wp\/v2\/product_tag?post=14786"}],"curies":[{"name":"wp","href":"https:\/\/api.w.org\/{rel}","templated":true}]}}