{"id":14756,"date":"2024-04-30T15:43:12","date_gmt":"2024-04-30T12:43:12","guid":{"rendered":"https:\/\/staging-shop.mrs-electronic.com\/product\/bodenplatten\/"},"modified":"2026-04-29T02:25:18","modified_gmt":"2026-04-29T00:25:18","slug":"bodenplatten","status":"publish","type":"product","link":"https:\/\/shop.mrs-electronic.com\/de\/produkt\/bodenplatten\/","title":{"rendered":"Bodenplatten"},"content":{"rendered":"<p>Die praktische MRS Bodenplatte f\u00fcr Flachsteckh\u00fclsen ist mit hochwertigen Pins bestehend aus Kupfer-Zinn ausgestattet. Durch die vielseitigen Ausf\u00fchrungen ist die Bodenplatte (Kunststoffbezeichnung A70 GF30) besonders flexibel einsetzbar. W\u00e4hlen Sie je nach Anforderung Ihre passende Bodenplatte mit variabler Anzahl und Anordnung der Pins aus (3-polig bis 9-polig).<br \/>\nF\u00fcr weitere Informationen zu diesem Produkt wenden Sie sich bitte an unseren MRS Kundenservice.<\/p>\n","protected":false},"excerpt":{"rendered":"<p>Die praktische MRS Bodenplatte f\u00fcr Flachsteckh\u00fclsen ist mit hochwertigen Pins bestehend aus Kupfer-Zinn ausgestattet. Durch die vielseitigen Ausf\u00fchrungen ist die<\/p>\n","protected":false},"featured_media":14751,"template":"","meta":[],"product_brand":[],"product_cat":[766],"product_tag":[],"class_list":{"0":"post-14756","1":"product","2":"type-product","3":"status-publish","4":"has-post-thumbnail","6":"product_cat-gehaeuse-und-bodenplatten-de","8":"first","9":"instock","10":"taxable","11":"shipping-taxable","12":"purchasable","13":"product-type-variable"},"_links":{"self":[{"href":"https:\/\/shop.mrs-electronic.com\/de\/wp-json\/wp\/v2\/product\/14756","targetHints":{"allow":["GET"]}}],"collection":[{"href":"https:\/\/shop.mrs-electronic.com\/de\/wp-json\/wp\/v2\/product"}],"about":[{"href":"https:\/\/shop.mrs-electronic.com\/de\/wp-json\/wp\/v2\/types\/product"}],"wp:featuredmedia":[{"embeddable":true,"href":"https:\/\/shop.mrs-electronic.com\/de\/wp-json\/wp\/v2\/media\/14751"}],"wp:attachment":[{"href":"https:\/\/shop.mrs-electronic.com\/de\/wp-json\/wp\/v2\/media?parent=14756"}],"wp:term":[{"taxonomy":"product_brand","embeddable":true,"href":"https:\/\/shop.mrs-electronic.com\/de\/wp-json\/wp\/v2\/product_brand?post=14756"},{"taxonomy":"product_cat","embeddable":true,"href":"https:\/\/shop.mrs-electronic.com\/de\/wp-json\/wp\/v2\/product_cat?post=14756"},{"taxonomy":"product_tag","embeddable":true,"href":"https:\/\/shop.mrs-electronic.com\/de\/wp-json\/wp\/v2\/product_tag?post=14756"}],"curies":[{"name":"wp","href":"https:\/\/api.w.org\/{rel}","templated":true}]}}