{"id":14742,"date":"2024-04-30T14:43:08","date_gmt":"2024-04-30T12:43:08","guid":{"rendered":"https:\/\/staging-shop.mrs-electronic.com\/product\/microplex-stecksockel-12-polig\/"},"modified":"2026-04-04T02:25:45","modified_gmt":"2026-04-04T00:25:45","slug":"stecksockel-wasserdicht-12-polig-microplex-iso-280","status":"publish","type":"product","link":"https:\/\/shop.mrs-electronic.com\/de\/produkt\/stecksockel-wasserdicht-12-polig-microplex-iso-280\/","title":{"rendered":"Stecksockel wasserdicht 12-polig MicroPlex\u00ae \/ ISO 280"},"content":{"rendered":"<p>Der hochwertige Stecksockel wasserdicht 12-polig MicroPlex\u00ae \/ ISO 280 eignet sich perfekt f\u00fcr Ihre Applikation in Verwendung mit unserer patentierten MicroPlex\u00ae oder 2 standardisierter ISO280 Relais. Zudem k\u00f6nnen auch Sicherungen eingebaut werden (z. B.: 1x Iso280 und 2 Sicherungen).<\/p>\n<p>*Hinweis: F\u00fcr Undurchl\u00e4ssigkeit mit IP 67 sorgen Spannb\u00fcgel, Dichtmatte sowie Einzeladerdichtungen. Spannb\u00fcgel und Dichtmatte sind in der Bestellvariante bereits enthalten. Crimpkontakte und Einzeladerdichtungen sollten zus\u00e4tzlich bestellt werden. Sie finden diese in den Bestellvarianten.<br \/>\n**Versandhinweis: Bei einer Bestellmenge bis 49 St\u00fcck werden die Steckerpakete einzeln verpackt und versendet. Bei Bestellmengen ab 50 St\u00fcck werden die einzelnen Komponenten als Sch\u00fcttgut verpackt.<\/p>\n","protected":false},"excerpt":{"rendered":"<p>Der hochwertige Stecksockel wasserdicht 12-polig MicroPlex\u00ae \/ ISO 280 eignet sich perfekt f\u00fcr Ihre Applikation in Verwendung mit unserer patentierten<\/p>\n","protected":false},"featured_media":14733,"template":"","meta":[],"product_brand":[],"product_cat":[760],"product_tag":[],"class_list":{"0":"post-14742","1":"product","2":"type-product","3":"status-publish","4":"has-post-thumbnail","6":"product_cat-stecksockel-de","8":"first","9":"instock","10":"taxable","11":"shipping-taxable","12":"purchasable","13":"product-type-variable"},"_links":{"self":[{"href":"https:\/\/shop.mrs-electronic.com\/de\/wp-json\/wp\/v2\/product\/14742","targetHints":{"allow":["GET"]}}],"collection":[{"href":"https:\/\/shop.mrs-electronic.com\/de\/wp-json\/wp\/v2\/product"}],"about":[{"href":"https:\/\/shop.mrs-electronic.com\/de\/wp-json\/wp\/v2\/types\/product"}],"wp:featuredmedia":[{"embeddable":true,"href":"https:\/\/shop.mrs-electronic.com\/de\/wp-json\/wp\/v2\/media\/14733"}],"wp:attachment":[{"href":"https:\/\/shop.mrs-electronic.com\/de\/wp-json\/wp\/v2\/media?parent=14742"}],"wp:term":[{"taxonomy":"product_brand","embeddable":true,"href":"https:\/\/shop.mrs-electronic.com\/de\/wp-json\/wp\/v2\/product_brand?post=14742"},{"taxonomy":"product_cat","embeddable":true,"href":"https:\/\/shop.mrs-electronic.com\/de\/wp-json\/wp\/v2\/product_cat?post=14742"},{"taxonomy":"product_tag","embeddable":true,"href":"https:\/\/shop.mrs-electronic.com\/de\/wp-json\/wp\/v2\/product_tag?post=14742"}],"curies":[{"name":"wp","href":"https:\/\/api.w.org\/{rel}","templated":true}]}}