{"id":14696,"date":"2024-04-29T16:01:11","date_gmt":"2024-04-29T14:01:11","guid":{"rendered":"https:\/\/staging-shop.mrs-electronic.com\/product\/impulsrelais-m3-24v\/"},"modified":"2026-04-07T02:25:46","modified_gmt":"2026-04-07T00:25:46","slug":"impulsrelais-m3-24v","status":"publish","type":"product","link":"https:\/\/shop.mrs-electronic.com\/de\/produkt\/impulsrelais-m3-24v\/","title":{"rendered":"Impulsrelais M3 24 V"},"content":{"rendered":"<p>Impulsrelais M3 finden Einsatz, wenn Verbraucher f\u00fcr eine definierte Zeit ein- oder ausgeschaltet werden sollen. <\/p>\n<p>Schaltbild S1 und S2: An Klemme 30 wird Betriebsspannung angelegt. Wird an Klemme 15 Spannung angelegt, zieht das Relais unmittelbar f\u00fcr die angegebene Zeit an und f\u00e4llt danach wieder ab. Die Dauer des Ansteuersignals hat keinen Einfluss auf die Ausgangsimpulsdauer (d.h. das Relais ist nicht nachtriggerbar).<br \/>\nSchaltbild S3: An Klemme 87z wird Betriebsspannung angelegt. Wird an Klemme 15 Spannung angelegt, zieht das Relais unmittelbar f\u00fcr die angegebene Zeit an und f\u00e4llt danach wieder ab. Schaltbild S2 und S3: Die Kontakte sind getrennt von der Ansteuerung und k\u00f6nnen daher in Verkn\u00fcpfungen eingesetzt werden. Bei dieser Variante ist der Relaiskontakt komplett potentialfrei und somit in der Lage Wechselspannung zu schalten. Geh\u00e4useformen finden Sie im Kapitel Geh\u00e4use und Grundk\u00f6rper.<\/p>\n","protected":false},"excerpt":{"rendered":"<p>Impulsrelais M3 finden Einsatz, wenn Verbraucher f\u00fcr eine definierte Zeit ein- oder ausgeschaltet werden sollen. Schaltbild S1 und S2: An<\/p>\n","protected":false},"featured_media":14680,"template":"","meta":[],"product_brand":[],"product_cat":[740],"product_tag":[],"class_list":{"0":"post-14696","1":"product","2":"type-product","3":"status-publish","4":"has-post-thumbnail","6":"product_cat-impulsrelais-de","8":"first","9":"instock","10":"taxable","11":"shipping-taxable","12":"purchasable","13":"product-type-variable"},"_links":{"self":[{"href":"https:\/\/shop.mrs-electronic.com\/de\/wp-json\/wp\/v2\/product\/14696","targetHints":{"allow":["GET"]}}],"collection":[{"href":"https:\/\/shop.mrs-electronic.com\/de\/wp-json\/wp\/v2\/product"}],"about":[{"href":"https:\/\/shop.mrs-electronic.com\/de\/wp-json\/wp\/v2\/types\/product"}],"wp:featuredmedia":[{"embeddable":true,"href":"https:\/\/shop.mrs-electronic.com\/de\/wp-json\/wp\/v2\/media\/14680"}],"wp:attachment":[{"href":"https:\/\/shop.mrs-electronic.com\/de\/wp-json\/wp\/v2\/media?parent=14696"}],"wp:term":[{"taxonomy":"product_brand","embeddable":true,"href":"https:\/\/shop.mrs-electronic.com\/de\/wp-json\/wp\/v2\/product_brand?post=14696"},{"taxonomy":"product_cat","embeddable":true,"href":"https:\/\/shop.mrs-electronic.com\/de\/wp-json\/wp\/v2\/product_cat?post=14696"},{"taxonomy":"product_tag","embeddable":true,"href":"https:\/\/shop.mrs-electronic.com\/de\/wp-json\/wp\/v2\/product_tag?post=14696"}],"curies":[{"name":"wp","href":"https:\/\/api.w.org\/{rel}","templated":true}]}}