{"id":14483,"date":"2024-04-16T18:08:18","date_gmt":"2024-04-16T15:08:18","guid":{"rendered":"https:\/\/staging-shop.mrs-electronic.com\/product\/m3600-can-sps\/"},"modified":"2026-04-07T02:26:05","modified_gmt":"2026-04-07T00:26:05","slug":"m3600-can-sps","status":"publish","type":"product","link":"https:\/\/shop.mrs-electronic.com\/de\/produkt\/m3600-can-sps\/","title":{"rendered":"M3600 CAN SPS"},"content":{"rendered":"<p>Die gro\u00dfe CAN Steuerung M3600 mit ihren 121 Pins erweitert das Produktportfolio um einen vielseitigen Allesk\u00f6nner. Mit 3 CAN-Bus-Schnittstellen kann die Steuerung entweder drei Standalone Busleitungen bedienen oder als Knotenpunkt f\u00fcr die CAN-Bus Kommunikation dienen. Sie verf\u00fcgt \u00fcber insgesamt 38 Ein- und Ausg\u00e4nge. 18 analoge Eing\u00e4nge, 10 I\/Os und 10 Ausg\u00e4nge machen das Ger\u00e4t zu einem vielseitigen Produkt, welches dem Endverbraucher einen geringeren Verdrahtungsaufwand verspricht.<br \/>\nDie Einsatzm\u00f6glichkeiten dieser kompakten Steuerungen sind vielf\u00e4ltig und k\u00f6nnen an die Anforderung der jeweiligen Branche perfekt angepasst werden. \u00dcberall, wo die Vielf\u00e4ltigkeit von verschiedenen Aktoren ben\u00f6tigt wird, ist die M3600 die ideale L\u00f6sung.<\/p>\n","protected":false},"excerpt":{"rendered":"<p>Die gro\u00dfe CAN Steuerung M3600 mit ihren 121 Pins erweitert das Produktportfolio um einen vielseitigen Allesk\u00f6nner. Mit 3 CAN-Bus-Schnittstellen kann<\/p>\n","protected":false},"featured_media":17534,"template":"","meta":[],"product_brand":[],"product_cat":[728],"product_tag":[],"class_list":{"0":"post-14483","1":"product","2":"type-product","3":"status-publish","4":"has-post-thumbnail","6":"product_cat-vernetzte-steuerungen-de","8":"first","9":"instock","10":"taxable","11":"shipping-taxable","12":"purchasable","13":"product-type-variable"},"_links":{"self":[{"href":"https:\/\/shop.mrs-electronic.com\/de\/wp-json\/wp\/v2\/product\/14483","targetHints":{"allow":["GET"]}}],"collection":[{"href":"https:\/\/shop.mrs-electronic.com\/de\/wp-json\/wp\/v2\/product"}],"about":[{"href":"https:\/\/shop.mrs-electronic.com\/de\/wp-json\/wp\/v2\/types\/product"}],"wp:featuredmedia":[{"embeddable":true,"href":"https:\/\/shop.mrs-electronic.com\/de\/wp-json\/wp\/v2\/media\/17534"}],"wp:attachment":[{"href":"https:\/\/shop.mrs-electronic.com\/de\/wp-json\/wp\/v2\/media?parent=14483"}],"wp:term":[{"taxonomy":"product_brand","embeddable":true,"href":"https:\/\/shop.mrs-electronic.com\/de\/wp-json\/wp\/v2\/product_brand?post=14483"},{"taxonomy":"product_cat","embeddable":true,"href":"https:\/\/shop.mrs-electronic.com\/de\/wp-json\/wp\/v2\/product_cat?post=14483"},{"taxonomy":"product_tag","embeddable":true,"href":"https:\/\/shop.mrs-electronic.com\/de\/wp-json\/wp\/v2\/product_tag?post=14483"}],"curies":[{"name":"wp","href":"https:\/\/api.w.org\/{rel}","templated":true}]}}