{"id":14469,"date":"2024-04-16T17:08:11","date_gmt":"2024-04-16T15:08:11","guid":{"rendered":"https:\/\/staging-shop.mrs-electronic.com\/product\/m2600-eco-can-sps\/"},"modified":"2026-04-06T02:25:54","modified_gmt":"2026-04-06T00:25:54","slug":"m2600-can-sps","status":"publish","type":"product","link":"https:\/\/shop.mrs-electronic.com\/de\/produkt\/m2600-can-sps\/","title":{"rendered":"M2600 CAN SPS"},"content":{"rendered":"<p>Die kompakte M2600 CAN SPS ist eine leistungsf\u00e4hige Steuerung mit hohem Funktionsumfang in einer robusten V2A Halbschale. Die MRS Steuerung besitzt acht stromgeregelte PWM-Ausg\u00e4nge. Die Besonderheit ist neben dem 16-bit-Hauptmikrocontroller der zweite zus\u00e4tzlich integrierte Mikrocontroller (8-bit-Prozessor) mit n\u00fctzlicher Watchdog-Funktion. Durch die zwei CAN-Bus-Schnittstellen (optional auch drei) ist neben der typischen Steuerungsfunktion auch eine Gateway-Funktion m\u00f6glich. Die optionale dritte CAN-Bus-Schnittstelle kann f\u00fcr weitere Funktionen genutzt werden.<\/p>\n","protected":false},"excerpt":{"rendered":"<p>Die kompakte M2600 CAN SPS ist eine leistungsf\u00e4hige Steuerung mit hohem Funktionsumfang in einer robusten V2A Halbschale. Die MRS Steuerung<\/p>\n","protected":false},"featured_media":14458,"template":"","meta":[],"product_brand":[],"product_cat":[728],"product_tag":[],"class_list":{"0":"post-14469","1":"product","2":"type-product","3":"status-publish","4":"has-post-thumbnail","6":"product_cat-vernetzte-steuerungen-de","8":"first","9":"instock","10":"taxable","11":"shipping-taxable","12":"purchasable","13":"product-type-variable"},"_links":{"self":[{"href":"https:\/\/shop.mrs-electronic.com\/de\/wp-json\/wp\/v2\/product\/14469","targetHints":{"allow":["GET"]}}],"collection":[{"href":"https:\/\/shop.mrs-electronic.com\/de\/wp-json\/wp\/v2\/product"}],"about":[{"href":"https:\/\/shop.mrs-electronic.com\/de\/wp-json\/wp\/v2\/types\/product"}],"wp:featuredmedia":[{"embeddable":true,"href":"https:\/\/shop.mrs-electronic.com\/de\/wp-json\/wp\/v2\/media\/14458"}],"wp:attachment":[{"href":"https:\/\/shop.mrs-electronic.com\/de\/wp-json\/wp\/v2\/media?parent=14469"}],"wp:term":[{"taxonomy":"product_brand","embeddable":true,"href":"https:\/\/shop.mrs-electronic.com\/de\/wp-json\/wp\/v2\/product_brand?post=14469"},{"taxonomy":"product_cat","embeddable":true,"href":"https:\/\/shop.mrs-electronic.com\/de\/wp-json\/wp\/v2\/product_cat?post=14469"},{"taxonomy":"product_tag","embeddable":true,"href":"https:\/\/shop.mrs-electronic.com\/de\/wp-json\/wp\/v2\/product_tag?post=14469"}],"curies":[{"name":"wp","href":"https:\/\/api.w.org\/{rel}","templated":true}]}}