{"id":14445,"date":"2024-04-16T18:07:48","date_gmt":"2024-04-16T15:07:48","guid":{"rendered":"https:\/\/staging-shop.mrs-electronic.com\/product\/micro-gateway-32-bit-2\/"},"modified":"2026-04-30T02:25:16","modified_gmt":"2026-04-30T00:25:16","slug":"micro-gateway-32-bit","status":"publish","type":"product","link":"https:\/\/shop.mrs-electronic.com\/de\/produkt\/micro-gateway-32-bit\/","title":{"rendered":"Micro Gateway 32-bit"},"content":{"rendered":"<p>Das neue Micro Gateway ist ein kompaktes Gateway f\u00fcr automotive Anwendungen. Das Kernst\u00fcck, der 32-Bit-Prozessor, liefert Ihnen eine h\u00f6here Performance und somit sichere Routing-\/ und Gatewayfunktionalit\u00e4t bei hoher Buslast. Dank der reduzierten Geh\u00e4usegr\u00f6\u00dfe k\u00f6nnen Sie das Gateway nun auch in Standard Relais Boxen mit 40 mm Bauh\u00f6he einsetzen. Die beiden I\/Os sind nun auch PWM-f\u00e4hig. Realisieren Sie durch die Flash-Speicher Erh\u00f6hung auf 2 MB gr\u00f6\u00dfere und komplexere Programme und Applikationen. Auch der RAM wurde von 12 KB auf 256 KB erh\u00f6ht. Das bietet Ihnen noch mehr Speicher, um die h\u00f6here Datenmenge zwischen zu speichern.<br \/>\nDas Micro Gateway gibt es in folgenden Varianten: 2 x CAN-Bus + 2 x LIN-Master oder 2 x I\/Os. Die CAN\/LIN-Variante bietet Ihnen die M\u00f6glichkeit sowohl 12 V als auch 24 V LIN-Sensoren zu integrieren zum Beispiel f\u00fcr den Betrieb eines 12 V Regen-Licht-Sensors in einem Nutzfahrzeug. Diese Funktion ist nur in einer gesonderten Variante erh\u00e4ltlich. Das Modul ist zudem CAN FD f\u00e4hig.<\/p>\n","protected":false},"excerpt":{"rendered":"<p>Das neue Micro Gateway ist ein kompaktes Gateway f\u00fcr automotive Anwendungen. Das Kernst\u00fcck, der 32-Bit-Prozessor, liefert Ihnen eine h\u00f6here Performance<\/p>\n","protected":false},"featured_media":19496,"template":"","meta":[],"product_brand":[],"product_cat":[734],"product_tag":[],"class_list":{"0":"post-14445","1":"product","2":"type-product","3":"status-publish","4":"has-post-thumbnail","6":"product_cat-gateways-de","8":"first","9":"instock","10":"taxable","11":"shipping-taxable","12":"purchasable","13":"product-type-variable"},"_links":{"self":[{"href":"https:\/\/shop.mrs-electronic.com\/de\/wp-json\/wp\/v2\/product\/14445","targetHints":{"allow":["GET"]}}],"collection":[{"href":"https:\/\/shop.mrs-electronic.com\/de\/wp-json\/wp\/v2\/product"}],"about":[{"href":"https:\/\/shop.mrs-electronic.com\/de\/wp-json\/wp\/v2\/types\/product"}],"wp:featuredmedia":[{"embeddable":true,"href":"https:\/\/shop.mrs-electronic.com\/de\/wp-json\/wp\/v2\/media\/19496"}],"wp:attachment":[{"href":"https:\/\/shop.mrs-electronic.com\/de\/wp-json\/wp\/v2\/media?parent=14445"}],"wp:term":[{"taxonomy":"product_brand","embeddable":true,"href":"https:\/\/shop.mrs-electronic.com\/de\/wp-json\/wp\/v2\/product_brand?post=14445"},{"taxonomy":"product_cat","embeddable":true,"href":"https:\/\/shop.mrs-electronic.com\/de\/wp-json\/wp\/v2\/product_cat?post=14445"},{"taxonomy":"product_tag","embeddable":true,"href":"https:\/\/shop.mrs-electronic.com\/de\/wp-json\/wp\/v2\/product_tag?post=14445"}],"curies":[{"name":"wp","href":"https:\/\/api.w.org\/{rel}","templated":true}]}}