{"id":14429,"date":"2024-04-16T18:07:43","date_gmt":"2024-04-16T15:07:43","guid":{"rendered":"https:\/\/staging-shop.mrs-electronic.com\/product\/can-io-cc16wp-2\/"},"modified":"2026-04-11T02:26:00","modified_gmt":"2026-04-11T00:26:00","slug":"can-io-cc16wp","status":"publish","type":"product","link":"https:\/\/shop.mrs-electronic.com\/de\/produkt\/can-io-cc16wp\/","title":{"rendered":"CAN I\/O \u2013 CC16WP"},"content":{"rendered":"<p>Die CC16WP ist die beste CAN I\/O Generation von MRS Electronic. Das Kernst\u00fcck, der 32-Bit-Prozessor, liefert Ihnen mehr Rechenleistung und somit schnellere Rechenzykluszeiten. Sie profitieren zudem von einer leistungsf\u00e4higeren Gateway-Funktionalit\u00e4t sowie komplexen Programmierungsm\u00f6glichkeiten f\u00fcr Ihre Anwendungen. Durch die enorm hohe Flexibilit\u00e4t der Multifunktionseing\u00e4nge ist die CAN I\/O f\u00fcr die verschiedensten, branchen\u00fcbergreifenden Einsatzgebiete bestens gewappnet.<br \/>\nInsgesamt bietet die kompakte CC16WP maximale Anwendungsflexibilit\u00e4t in kleinsten Baur\u00e4umen, um Anwendungen kosteng\u00fcnstig und effizient zu realisieren. Bei korrekter Einbaulage kann die hohe Schutzklasse IP6K8 weiterhin erreicht werden. Die AEF-zertifizierte Bestellvariante mit einem 2 MB gro\u00dfen Flash-Speicher ist zudem zu unterschiedlichen ISOBUS-Stacks kompatibel und kann mit weiteren verkn\u00fcpften Komponenten wie den Terminals oder Implements kommunizieren. Das Modul ist au\u00dferdem CAN FD f\u00e4hig.<\/p>\n","protected":false},"excerpt":{"rendered":"<p>Die CC16WP ist die beste CAN I\/O Generation von MRS Electronic. Das Kernst\u00fcck, der 32-Bit-Prozessor, liefert Ihnen mehr Rechenleistung und<\/p>\n","protected":false},"featured_media":17391,"template":"","meta":[],"product_brand":[],"product_cat":[728],"product_tag":[],"class_list":{"0":"post-14429","1":"product","2":"type-product","3":"status-publish","4":"has-post-thumbnail","6":"product_cat-vernetzte-steuerungen-de","8":"first","9":"instock","10":"taxable","11":"shipping-taxable","12":"purchasable","13":"product-type-variable"},"_links":{"self":[{"href":"https:\/\/shop.mrs-electronic.com\/de\/wp-json\/wp\/v2\/product\/14429","targetHints":{"allow":["GET"]}}],"collection":[{"href":"https:\/\/shop.mrs-electronic.com\/de\/wp-json\/wp\/v2\/product"}],"about":[{"href":"https:\/\/shop.mrs-electronic.com\/de\/wp-json\/wp\/v2\/types\/product"}],"wp:featuredmedia":[{"embeddable":true,"href":"https:\/\/shop.mrs-electronic.com\/de\/wp-json\/wp\/v2\/media\/17391"}],"wp:attachment":[{"href":"https:\/\/shop.mrs-electronic.com\/de\/wp-json\/wp\/v2\/media?parent=14429"}],"wp:term":[{"taxonomy":"product_brand","embeddable":true,"href":"https:\/\/shop.mrs-electronic.com\/de\/wp-json\/wp\/v2\/product_brand?post=14429"},{"taxonomy":"product_cat","embeddable":true,"href":"https:\/\/shop.mrs-electronic.com\/de\/wp-json\/wp\/v2\/product_cat?post=14429"},{"taxonomy":"product_tag","embeddable":true,"href":"https:\/\/shop.mrs-electronic.com\/de\/wp-json\/wp\/v2\/product_tag?post=14429"}],"curies":[{"name":"wp","href":"https:\/\/api.w.org\/{rel}","templated":true}]}}