{"id":14419,"date":"2024-04-16T17:07:37","date_gmt":"2024-04-16T15:07:37","guid":{"rendered":"https:\/\/staging-shop.mrs-electronic.com\/product\/can-io-sps-waterproof-pro-v2\/"},"modified":"2026-04-07T02:26:02","modified_gmt":"2026-04-07T00:26:02","slug":"can-io-sps-wp-pro-v2","status":"publish","type":"product","link":"https:\/\/shop.mrs-electronic.com\/de\/produkt\/can-io-sps-wp-pro-v2\/","title":{"rendered":"CAN I\/O SPS WP PRO V2"},"content":{"rendered":"<p>Die wasserdichte CAN I\/O SPS WP PRO V2 mit 16 I\/Os \u00fcberzeugt durch die vielf\u00e4ltigen Einsatzm\u00f6glichkeiten in zahlreichen Steuerungsapplikationen. Sie bietet neben acht I\/Os, die als Ein- oder Ausg\u00e4nge konfiguriert werden k\u00f6nnen, sechs analoge und zwei digitale Eing\u00e4nge. Die CAN-Steuerung verf\u00fcgt zudem \u00fcber integrierte Schutzdioden zur Begrenzung der durch die induktive Lasten erzeugten Freilaufspannung.<br \/>\nDas Modul kann zur Ansteuerung f\u00fcr vier stromgeregelte Proportionalventile genutzt werden. Durch den 5 Volt Referenzausgang k\u00f6nnen weitere Sensoren mit Spannung versorgt werden. Die eigene Versorgungsspannung kann intern \u00fcber die Klemme 30 gemessen werden.<\/p>\n","protected":false},"excerpt":{"rendered":"<p>Die wasserdichte CAN I\/O SPS WP PRO V2 mit 16 I\/Os \u00fcberzeugt durch die vielf\u00e4ltigen Einsatzm\u00f6glichkeiten in zahlreichen Steuerungsapplikationen. Sie<\/p>\n","protected":false},"featured_media":14414,"template":"","meta":[],"product_brand":[],"product_cat":[728],"product_tag":[],"class_list":{"0":"post-14419","1":"product","2":"type-product","3":"status-publish","4":"has-post-thumbnail","6":"product_cat-vernetzte-steuerungen-de","8":"first","9":"instock","10":"taxable","11":"shipping-taxable","12":"purchasable","13":"product-type-variable"},"_links":{"self":[{"href":"https:\/\/shop.mrs-electronic.com\/de\/wp-json\/wp\/v2\/product\/14419","targetHints":{"allow":["GET"]}}],"collection":[{"href":"https:\/\/shop.mrs-electronic.com\/de\/wp-json\/wp\/v2\/product"}],"about":[{"href":"https:\/\/shop.mrs-electronic.com\/de\/wp-json\/wp\/v2\/types\/product"}],"wp:featuredmedia":[{"embeddable":true,"href":"https:\/\/shop.mrs-electronic.com\/de\/wp-json\/wp\/v2\/media\/14414"}],"wp:attachment":[{"href":"https:\/\/shop.mrs-electronic.com\/de\/wp-json\/wp\/v2\/media?parent=14419"}],"wp:term":[{"taxonomy":"product_brand","embeddable":true,"href":"https:\/\/shop.mrs-electronic.com\/de\/wp-json\/wp\/v2\/product_brand?post=14419"},{"taxonomy":"product_cat","embeddable":true,"href":"https:\/\/shop.mrs-electronic.com\/de\/wp-json\/wp\/v2\/product_cat?post=14419"},{"taxonomy":"product_tag","embeddable":true,"href":"https:\/\/shop.mrs-electronic.com\/de\/wp-json\/wp\/v2\/product_tag?post=14419"}],"curies":[{"name":"wp","href":"https:\/\/api.w.org\/{rel}","templated":true}]}}