{"id":14397,"date":"2024-04-16T17:07:25","date_gmt":"2024-04-16T15:07:25","guid":{"rendered":"https:\/\/staging-shop.mrs-electronic.com\/product\/4-fach-motorsteuerung\/"},"modified":"2026-04-27T02:25:18","modified_gmt":"2026-04-27T00:25:18","slug":"4-fach-motorsteuerung-can","status":"publish","type":"product","link":"https:\/\/shop.mrs-electronic.com\/de\/produkt\/4-fach-motorsteuerung-can\/","title":{"rendered":"4-fach Motorsteuerung CAN"},"content":{"rendered":"<p>Die Motorsteuerung mit 4&#215;5 A Motorausg\u00e4ngen f\u00fcr Gleichstrommotoren und integrierter Strom\u00fcberwachung. In vielen Outdoor Electronics Applikationen steigt die Nachfrage nach kleinen Motorsteuerger\u00e4ten, die mehrere Gleichstrommotoren kosteng\u00fcnstig \u00fcber verschiedene Bussysteme ansteuern k\u00f6nnen. Hier kommt die 4-fach Motorsteuerung CAN zum Einsatz.<\/p>\n","protected":false},"excerpt":{"rendered":"<p>Die Motorsteuerung mit 4&#215;5 A Motorausg\u00e4ngen f\u00fcr Gleichstrommotoren und integrierter Strom\u00fcberwachung. In vielen Outdoor Electronics Applikationen steigt die Nachfrage nach<\/p>\n","protected":false},"featured_media":14395,"template":"","meta":[],"product_brand":[],"product_cat":[730],"product_tag":[],"class_list":{"0":"post-14397","1":"product","2":"type-product","3":"status-publish","4":"has-post-thumbnail","6":"product_cat-motorsteuerungen-de","8":"first","9":"instock","10":"taxable","11":"shipping-taxable","12":"purchasable","13":"product-type-variable"},"_links":{"self":[{"href":"https:\/\/shop.mrs-electronic.com\/de\/wp-json\/wp\/v2\/product\/14397","targetHints":{"allow":["GET"]}}],"collection":[{"href":"https:\/\/shop.mrs-electronic.com\/de\/wp-json\/wp\/v2\/product"}],"about":[{"href":"https:\/\/shop.mrs-electronic.com\/de\/wp-json\/wp\/v2\/types\/product"}],"wp:featuredmedia":[{"embeddable":true,"href":"https:\/\/shop.mrs-electronic.com\/de\/wp-json\/wp\/v2\/media\/14395"}],"wp:attachment":[{"href":"https:\/\/shop.mrs-electronic.com\/de\/wp-json\/wp\/v2\/media?parent=14397"}],"wp:term":[{"taxonomy":"product_brand","embeddable":true,"href":"https:\/\/shop.mrs-electronic.com\/de\/wp-json\/wp\/v2\/product_brand?post=14397"},{"taxonomy":"product_cat","embeddable":true,"href":"https:\/\/shop.mrs-electronic.com\/de\/wp-json\/wp\/v2\/product_cat?post=14397"},{"taxonomy":"product_tag","embeddable":true,"href":"https:\/\/shop.mrs-electronic.com\/de\/wp-json\/wp\/v2\/product_tag?post=14397"}],"curies":[{"name":"wp","href":"https:\/\/api.w.org\/{rel}","templated":true}]}}