{"id":14381,"date":"2024-04-16T17:07:17","date_gmt":"2024-04-16T15:07:17","guid":{"rendered":"https:\/\/staging-shop.mrs-electronic.com\/product\/motorsteuerung-10-a-can\/"},"modified":"2026-04-05T02:26:06","modified_gmt":"2026-04-05T00:26:06","slug":"motorsteuerung-10-a-can","status":"publish","type":"product","link":"https:\/\/shop.mrs-electronic.com\/de\/produkt\/motorsteuerung-10-a-can\/","title":{"rendered":"Motorsteuerung 10 A CAN"},"content":{"rendered":"<p>Die Motorsteuerung 10 A CAN ist ein mikrocontrollergesteuertes Modul f\u00fcr die Ansteuerung von Gleichstrommotoren (DC) und eignet sich unter anderem f\u00fcr automotive Anwendungen. Durch die kompakte Bauform spart es wertvollen Platz und ist in Ihrer Applikation vielseitig einsetzbar. Die Motorsteuerung besitzt 3 analoge Eing\u00e4nge und eine Vollbr\u00fccke mit Motorausgang f\u00fcr bis zu 10 A Leistung.<\/p>\n","protected":false},"excerpt":{"rendered":"<p>Die Motorsteuerung 10 A CAN ist ein mikrocontrollergesteuertes Modul f\u00fcr die Ansteuerung von Gleichstrommotoren (DC) und eignet sich unter anderem<\/p>\n","protected":false},"featured_media":14375,"template":"","meta":[],"product_brand":[],"product_cat":[730],"product_tag":[],"class_list":{"0":"post-14381","1":"product","2":"type-product","3":"status-publish","4":"has-post-thumbnail","6":"product_cat-motorsteuerungen-de","8":"first","9":"instock","10":"taxable","11":"shipping-taxable","12":"purchasable","13":"product-type-variable"},"_links":{"self":[{"href":"https:\/\/shop.mrs-electronic.com\/de\/wp-json\/wp\/v2\/product\/14381","targetHints":{"allow":["GET"]}}],"collection":[{"href":"https:\/\/shop.mrs-electronic.com\/de\/wp-json\/wp\/v2\/product"}],"about":[{"href":"https:\/\/shop.mrs-electronic.com\/de\/wp-json\/wp\/v2\/types\/product"}],"wp:featuredmedia":[{"embeddable":true,"href":"https:\/\/shop.mrs-electronic.com\/de\/wp-json\/wp\/v2\/media\/14375"}],"wp:attachment":[{"href":"https:\/\/shop.mrs-electronic.com\/de\/wp-json\/wp\/v2\/media?parent=14381"}],"wp:term":[{"taxonomy":"product_brand","embeddable":true,"href":"https:\/\/shop.mrs-electronic.com\/de\/wp-json\/wp\/v2\/product_brand?post=14381"},{"taxonomy":"product_cat","embeddable":true,"href":"https:\/\/shop.mrs-electronic.com\/de\/wp-json\/wp\/v2\/product_cat?post=14381"},{"taxonomy":"product_tag","embeddable":true,"href":"https:\/\/shop.mrs-electronic.com\/de\/wp-json\/wp\/v2\/product_tag?post=14381"}],"curies":[{"name":"wp","href":"https:\/\/api.w.org\/{rel}","templated":true}]}}