{"id":14351,"date":"2024-04-16T18:06:33","date_gmt":"2024-04-16T15:06:33","guid":{"rendered":"https:\/\/staging-shop.mrs-electronic.com\/product\/micro-gateway-2\/"},"modified":"2026-04-04T02:25:53","modified_gmt":"2026-04-04T00:25:53","slug":"micro-gateway","status":"publish","type":"product","link":"https:\/\/shop.mrs-electronic.com\/de\/produkt\/micro-gateway\/","title":{"rendered":"Micro Gateway"},"content":{"rendered":"<p>Das Micro Gateway ist ein kompaktes Gateway f\u00fcr automotive Anwendungen. Durch seine geringe Baugr\u00f6\u00dfe und die einfache Montage bietet es vielseitige Einsatzm\u00f6glichkeiten. Das Gateway im 30 x 30 x 50 mm Kunststoffgeh\u00e4use bietet vier verschiedene Best\u00fcckungsvarianten.<\/p>\n","protected":false},"excerpt":{"rendered":"<p>Das Micro Gateway ist ein kompaktes Gateway f\u00fcr automotive Anwendungen. Durch seine geringe Baugr\u00f6\u00dfe und die einfache Montage bietet es<\/p>\n","protected":false},"featured_media":17649,"template":"","meta":[],"product_brand":[],"product_cat":[734],"product_tag":[],"class_list":{"0":"post-14351","1":"product","2":"type-product","3":"status-publish","4":"has-post-thumbnail","6":"product_cat-gateways-de","8":"first","9":"instock","10":"taxable","11":"shipping-taxable","12":"purchasable","13":"product-type-variable"},"_links":{"self":[{"href":"https:\/\/shop.mrs-electronic.com\/de\/wp-json\/wp\/v2\/product\/14351","targetHints":{"allow":["GET"]}}],"collection":[{"href":"https:\/\/shop.mrs-electronic.com\/de\/wp-json\/wp\/v2\/product"}],"about":[{"href":"https:\/\/shop.mrs-electronic.com\/de\/wp-json\/wp\/v2\/types\/product"}],"wp:featuredmedia":[{"embeddable":true,"href":"https:\/\/shop.mrs-electronic.com\/de\/wp-json\/wp\/v2\/media\/17649"}],"wp:attachment":[{"href":"https:\/\/shop.mrs-electronic.com\/de\/wp-json\/wp\/v2\/media?parent=14351"}],"wp:term":[{"taxonomy":"product_brand","embeddable":true,"href":"https:\/\/shop.mrs-electronic.com\/de\/wp-json\/wp\/v2\/product_brand?post=14351"},{"taxonomy":"product_cat","embeddable":true,"href":"https:\/\/shop.mrs-electronic.com\/de\/wp-json\/wp\/v2\/product_cat?post=14351"},{"taxonomy":"product_tag","embeddable":true,"href":"https:\/\/shop.mrs-electronic.com\/de\/wp-json\/wp\/v2\/product_tag?post=14351"}],"curies":[{"name":"wp","href":"https:\/\/api.w.org\/{rel}","templated":true}]}}