{"id":14339,"date":"2024-04-16T18:06:20","date_gmt":"2024-04-16T15:06:20","guid":{"rendered":"https:\/\/staging-shop.mrs-electronic.com\/product\/micro-sps-can-4-ana\/"},"modified":"2026-04-30T02:25:14","modified_gmt":"2026-04-30T00:25:14","slug":"micro-sps-can-4-ana","status":"publish","type":"product","link":"https:\/\/shop.mrs-electronic.com\/de\/produkt\/micro-sps-can-4-ana\/","title":{"rendered":"Micro SPS CAN 4 ANA"},"content":{"rendered":"<p>Die Micro SPS CAN 4 ANA bietet mit Ihren 4 analogen Ein-und Ausg\u00e4ngen viele Einsatzm\u00f6glichkeiten. Diese I\/O k\u00f6nnen entweder als bis zu vier Analogausg\u00e4nge f\u00fcr Strom von 0 bis 24 mA und Spannungen von 0 bis 10V, oder als bis zu vier Analogeing\u00e4nge konfiguriert werden. Die Steuerung bietet au\u00dferdem die M\u00f6glichkeit, zwei der vier I\/O`s als Frequenzeing\u00e4nge zu konfigurieren.<\/p>\n","protected":false},"excerpt":{"rendered":"<p>Die Micro SPS CAN 4 ANA bietet mit Ihren 4 analogen Ein-und Ausg\u00e4ngen viele Einsatzm\u00f6glichkeiten. Diese I\/O k\u00f6nnen entweder als<\/p>\n","protected":false},"featured_media":17528,"template":"","meta":[],"product_brand":[],"product_cat":[728],"product_tag":[],"class_list":{"0":"post-14339","1":"product","2":"type-product","3":"status-publish","4":"has-post-thumbnail","6":"product_cat-vernetzte-steuerungen-de","8":"first","9":"instock","10":"taxable","11":"shipping-taxable","12":"purchasable","13":"product-type-variable"},"_links":{"self":[{"href":"https:\/\/shop.mrs-electronic.com\/de\/wp-json\/wp\/v2\/product\/14339","targetHints":{"allow":["GET"]}}],"collection":[{"href":"https:\/\/shop.mrs-electronic.com\/de\/wp-json\/wp\/v2\/product"}],"about":[{"href":"https:\/\/shop.mrs-electronic.com\/de\/wp-json\/wp\/v2\/types\/product"}],"wp:featuredmedia":[{"embeddable":true,"href":"https:\/\/shop.mrs-electronic.com\/de\/wp-json\/wp\/v2\/media\/17528"}],"wp:attachment":[{"href":"https:\/\/shop.mrs-electronic.com\/de\/wp-json\/wp\/v2\/media?parent=14339"}],"wp:term":[{"taxonomy":"product_brand","embeddable":true,"href":"https:\/\/shop.mrs-electronic.com\/de\/wp-json\/wp\/v2\/product_brand?post=14339"},{"taxonomy":"product_cat","embeddable":true,"href":"https:\/\/shop.mrs-electronic.com\/de\/wp-json\/wp\/v2\/product_cat?post=14339"},{"taxonomy":"product_tag","embeddable":true,"href":"https:\/\/shop.mrs-electronic.com\/de\/wp-json\/wp\/v2\/product_tag?post=14339"}],"curies":[{"name":"wp","href":"https:\/\/api.w.org\/{rel}","templated":true}]}}