{"id":14321,"date":"2024-04-16T18:06:13","date_gmt":"2024-04-16T15:06:13","guid":{"rendered":"https:\/\/staging-shop.mrs-electronic.com\/product\/micro-sps-can-4-io\/"},"modified":"2026-04-30T02:25:14","modified_gmt":"2026-04-30T00:25:14","slug":"micro-sps-can-4-io","status":"publish","type":"product","link":"https:\/\/shop.mrs-electronic.com\/de\/produkt\/micro-sps-can-4-io\/","title":{"rendered":"Micro SPS CAN 4 I\/O"},"content":{"rendered":"<p>Die Micro SPS CAN 4 I\/O ist eine Kleinsteuerung f\u00fcr automotive Anwendungen. Freie Konfigurier-, Parametrier- und Programmierbarkeit bieten vielf\u00e4ltige Einsatzm\u00f6glichkeiten im Kfz-Bereich. Ansteuerung und Auslesen erfolgen \u00fcber den CAN-Bus. Die Kleinsteuerung weist vier Input\/Outputs auf, die als Eingang oder Ausgang programmiert werden k\u00f6nnen. Das CAN-Bus Modul weist auch einen analogen Eingang auf und kann problemlos in ein vorhandenes CAN-Bus Netzwerk implementiert werden.<\/p>\n","protected":false},"excerpt":{"rendered":"<p>Die Micro SPS CAN 4 I\/O ist eine Kleinsteuerung f\u00fcr automotive Anwendungen. Freie Konfigurier-, Parametrier- und Programmierbarkeit bieten vielf\u00e4ltige Einsatzm\u00f6glichkeiten<\/p>\n","protected":false},"featured_media":17526,"template":"","meta":[],"product_brand":[],"product_cat":[728],"product_tag":[],"class_list":{"0":"post-14321","1":"product","2":"type-product","3":"status-publish","4":"has-post-thumbnail","6":"product_cat-vernetzte-steuerungen-de","8":"first","9":"instock","10":"taxable","11":"shipping-taxable","12":"purchasable","13":"product-type-variable"},"_links":{"self":[{"href":"https:\/\/shop.mrs-electronic.com\/de\/wp-json\/wp\/v2\/product\/14321","targetHints":{"allow":["GET"]}}],"collection":[{"href":"https:\/\/shop.mrs-electronic.com\/de\/wp-json\/wp\/v2\/product"}],"about":[{"href":"https:\/\/shop.mrs-electronic.com\/de\/wp-json\/wp\/v2\/types\/product"}],"wp:featuredmedia":[{"embeddable":true,"href":"https:\/\/shop.mrs-electronic.com\/de\/wp-json\/wp\/v2\/media\/17526"}],"wp:attachment":[{"href":"https:\/\/shop.mrs-electronic.com\/de\/wp-json\/wp\/v2\/media?parent=14321"}],"wp:term":[{"taxonomy":"product_brand","embeddable":true,"href":"https:\/\/shop.mrs-electronic.com\/de\/wp-json\/wp\/v2\/product_brand?post=14321"},{"taxonomy":"product_cat","embeddable":true,"href":"https:\/\/shop.mrs-electronic.com\/de\/wp-json\/wp\/v2\/product_cat?post=14321"},{"taxonomy":"product_tag","embeddable":true,"href":"https:\/\/shop.mrs-electronic.com\/de\/wp-json\/wp\/v2\/product_tag?post=14321"}],"curies":[{"name":"wp","href":"https:\/\/api.w.org\/{rel}","templated":true}]}}