{"id":14279,"date":"2024-04-16T18:05:58","date_gmt":"2024-04-16T15:05:58","guid":{"rendered":"https:\/\/staging-shop.mrs-electronic.com\/product\/steuerung-m3-24v\/"},"modified":"2026-04-15T02:25:49","modified_gmt":"2026-04-15T00:25:49","slug":"steuerung-m3-24v","status":"publish","type":"product","link":"https:\/\/shop.mrs-electronic.com\/de\/produkt\/steuerung-m3-24v\/","title":{"rendered":"Steuerung M3 24 V"},"content":{"rendered":"<p>Die Steuerung M3 ist eine leistungsstarke und kosteng\u00fcnstige Steuerung. Neben der unprogrammierten Steuerung M3 gibt es die Steuerung in den programmierten Versionen: Impulsrelais, Schrittschaltrelais, Blinkgeber sowie andere Funktionen auf Anfrage. Die genannten Funktionen sind standardm\u00e4\u00dfig hinterlegt und m\u00fcssen nur noch konfiguriert und parametriert werden. Selbstverst\u00e4ndlich k\u00f6nnen die Standardfunktionen auch direkt bestellt werden.<\/p>\n","protected":false},"excerpt":{"rendered":"<p>Die Steuerung M3 ist eine leistungsstarke und kosteng\u00fcnstige Steuerung. Neben der unprogrammierten Steuerung M3 gibt es die Steuerung in den<\/p>\n","protected":false},"featured_media":17633,"template":"","meta":[],"product_brand":[],"product_cat":[732],"product_tag":[],"class_list":{"0":"post-14279","1":"product","2":"type-product","3":"status-publish","4":"has-post-thumbnail","6":"product_cat-sps-steuerungen-de","8":"first","9":"instock","10":"taxable","11":"shipping-taxable","12":"purchasable","13":"product-type-variable"},"_links":{"self":[{"href":"https:\/\/shop.mrs-electronic.com\/de\/wp-json\/wp\/v2\/product\/14279","targetHints":{"allow":["GET"]}}],"collection":[{"href":"https:\/\/shop.mrs-electronic.com\/de\/wp-json\/wp\/v2\/product"}],"about":[{"href":"https:\/\/shop.mrs-electronic.com\/de\/wp-json\/wp\/v2\/types\/product"}],"wp:featuredmedia":[{"embeddable":true,"href":"https:\/\/shop.mrs-electronic.com\/de\/wp-json\/wp\/v2\/media\/17633"}],"wp:attachment":[{"href":"https:\/\/shop.mrs-electronic.com\/de\/wp-json\/wp\/v2\/media?parent=14279"}],"wp:term":[{"taxonomy":"product_brand","embeddable":true,"href":"https:\/\/shop.mrs-electronic.com\/de\/wp-json\/wp\/v2\/product_brand?post=14279"},{"taxonomy":"product_cat","embeddable":true,"href":"https:\/\/shop.mrs-electronic.com\/de\/wp-json\/wp\/v2\/product_cat?post=14279"},{"taxonomy":"product_tag","embeddable":true,"href":"https:\/\/shop.mrs-electronic.com\/de\/wp-json\/wp\/v2\/product_tag?post=14279"}],"curies":[{"name":"wp","href":"https:\/\/api.w.org\/{rel}","templated":true}]}}