{"id":14217,"date":"2024-04-16T17:05:40","date_gmt":"2024-04-16T15:05:40","guid":{"rendered":"https:\/\/staging-shop.mrs-electronic.com\/product\/zeitrelais-anzugsverzoegert-einstellbar-12v\/"},"modified":"2026-04-09T02:25:43","modified_gmt":"2026-04-09T00:25:43","slug":"zeitrelais-anzugsverzoegert-einstellbar-12v","status":"publish","type":"product","link":"https:\/\/shop.mrs-electronic.com\/de\/produkt\/zeitrelais-anzugsverzoegert-einstellbar-12v\/","title":{"rendered":"Zeitrelais anzugsverz\u00f6gert einstellbar 12 V"},"content":{"rendered":"<p>Bei Zeitrelais einstellbar anzugsverz\u00f6gert kann die ge\u00adnaue Verz\u00f6gerungszeit via Poti innerhalb des gew\u00e4hlten Zeitbereichs eingestellt werden. Zur Auswahl stehen standardm\u00e4\u00dfig f\u00fcnf Zeitbereiche (siehe Bestellvarianten). Andere Zeitbereiche realisieren wir auf Anfrage.<br \/>\nAlle Schaltbilder: An Klemme 30\/87z wird Betriebsspannung angelegt. Wird an Klemme 15 Spannung angelegt, zieht das Relais nach Ablauf der eingestellten Zeit an. Wird die Spannung an Klemme 15 weggenommen, f\u00e4llt das Relais unmittelbar ab. Schaltbild S3: Die Kontakte sind getrennt von der Ansteuerung und k\u00f6nnen daher in Verkn\u00fcpfungen eingesetzt werden. Geh\u00e4useformen finden Sie im Kapitel Geh\u00e4use und Grundk\u00f6rper.<\/p>\n","protected":false},"excerpt":{"rendered":"<p>Bei Zeitrelais einstellbar anzugsverz\u00f6gert kann die ge\u00adnaue Verz\u00f6gerungszeit via Poti innerhalb des gew\u00e4hlten Zeitbereichs eingestellt werden. Zur Auswahl stehen standardm\u00e4\u00dfig<\/p>\n","protected":false},"featured_media":19260,"template":"","meta":[],"product_brand":[],"product_cat":[742],"product_tag":[],"class_list":{"0":"post-14217","1":"product","2":"type-product","3":"status-publish","4":"has-post-thumbnail","6":"product_cat-zeitrelais-de","8":"first","9":"instock","10":"taxable","11":"shipping-taxable","12":"purchasable","13":"product-type-variable"},"_links":{"self":[{"href":"https:\/\/shop.mrs-electronic.com\/de\/wp-json\/wp\/v2\/product\/14217","targetHints":{"allow":["GET"]}}],"collection":[{"href":"https:\/\/shop.mrs-electronic.com\/de\/wp-json\/wp\/v2\/product"}],"about":[{"href":"https:\/\/shop.mrs-electronic.com\/de\/wp-json\/wp\/v2\/types\/product"}],"wp:featuredmedia":[{"embeddable":true,"href":"https:\/\/shop.mrs-electronic.com\/de\/wp-json\/wp\/v2\/media\/19260"}],"wp:attachment":[{"href":"https:\/\/shop.mrs-electronic.com\/de\/wp-json\/wp\/v2\/media?parent=14217"}],"wp:term":[{"taxonomy":"product_brand","embeddable":true,"href":"https:\/\/shop.mrs-electronic.com\/de\/wp-json\/wp\/v2\/product_brand?post=14217"},{"taxonomy":"product_cat","embeddable":true,"href":"https:\/\/shop.mrs-electronic.com\/de\/wp-json\/wp\/v2\/product_cat?post=14217"},{"taxonomy":"product_tag","embeddable":true,"href":"https:\/\/shop.mrs-electronic.com\/de\/wp-json\/wp\/v2\/product_tag?post=14217"}],"curies":[{"name":"wp","href":"https:\/\/api.w.org\/{rel}","templated":true}]}}