{"id":14199,"date":"2024-04-16T18:05:34","date_gmt":"2024-04-16T15:05:34","guid":{"rendered":"https:\/\/staging-shop.mrs-electronic.com\/product\/impulsrelais-einstellbar-12v\/"},"modified":"2026-04-16T02:25:41","modified_gmt":"2026-04-16T00:25:41","slug":"impulsrelais-einstellbar-12v","status":"publish","type":"product","link":"https:\/\/shop.mrs-electronic.com\/de\/produkt\/impulsrelais-einstellbar-12v\/","title":{"rendered":"Impulsrelais einstellbar 12 V"},"content":{"rendered":"<p>Impulsrelais einstellbar werden eingesetzt, wenn Verbraucher f\u00fcr einen zeit\u00adlich definierten Bereich ein- oder ausgeschaltet werden sollen. Zur Auswahl stehen standardm\u00e4\u00dfig f\u00fcnf Zeitbereiche (siehe Bestellvarianten). Innerhalb des gew\u00e4hlten Zeitbereichs kann die Impulszeiten via Poti ge\u00e4ndert werden. Andere Zeitbereiche realisieren wir auf Anfrage. Bitte geben Sie bei der Bestellung den gew\u00fcnschten Zeitbereich an.<br \/>\nSchaltbild S1: An Klemme 30 wird Betriebsspannung angelegt. Wird an Klemme 15 die Spannung kurz oder permanent angelegt, zieht das Relais unmittelbar f\u00fcr die eingestellte Zeit an und f\u00e4llt danach wieder ab. Schaltbild S3: An Klemme 87z wird Betriebsspannung angelegt. Wird an Klemme 15 Spannung kurz oder permanent angelegt, zieht das Relais unmittelbar f\u00fcr die eingestellte Zeit an und f\u00e4llt danach wieder ab. Ansteuerung und Kontakte sind voneinander getrennt und k\u00f6nnen somit in eine Verkn\u00fcpfungskette eingereiht werden. Alle Schaltbilder: Die Dauer des Ansteuersignals hat keinen Einfluss auf die Dauer des Ausgangsimpulses (d.h. das Relais ist nicht nachtriggerbar). Die genaue Impulsl\u00e4nge kann mit dem Poti innerhalb des gegebenen Zeitintervalls eingestellt werden. Geh\u00e4useformen finden Sie im Kapitel Geh\u00e4use und Grundk\u00f6rper.<\/p>\n","protected":false},"excerpt":{"rendered":"<p>Impulsrelais einstellbar werden eingesetzt, wenn Verbraucher f\u00fcr einen zeit\u00adlich definierten Bereich ein- oder ausgeschaltet werden sollen. Zur Auswahl stehen standardm\u00e4\u00dfig<\/p>\n","protected":false},"featured_media":14197,"template":"","meta":[],"product_brand":[],"product_cat":[740],"product_tag":[],"class_list":{"0":"post-14199","1":"product","2":"type-product","3":"status-publish","4":"has-post-thumbnail","6":"product_cat-impulsrelais-de","8":"first","9":"instock","10":"taxable","11":"shipping-taxable","12":"purchasable","13":"product-type-variable"},"_links":{"self":[{"href":"https:\/\/shop.mrs-electronic.com\/de\/wp-json\/wp\/v2\/product\/14199","targetHints":{"allow":["GET"]}}],"collection":[{"href":"https:\/\/shop.mrs-electronic.com\/de\/wp-json\/wp\/v2\/product"}],"about":[{"href":"https:\/\/shop.mrs-electronic.com\/de\/wp-json\/wp\/v2\/types\/product"}],"wp:featuredmedia":[{"embeddable":true,"href":"https:\/\/shop.mrs-electronic.com\/de\/wp-json\/wp\/v2\/media\/14197"}],"wp:attachment":[{"href":"https:\/\/shop.mrs-electronic.com\/de\/wp-json\/wp\/v2\/media?parent=14199"}],"wp:term":[{"taxonomy":"product_brand","embeddable":true,"href":"https:\/\/shop.mrs-electronic.com\/de\/wp-json\/wp\/v2\/product_brand?post=14199"},{"taxonomy":"product_cat","embeddable":true,"href":"https:\/\/shop.mrs-electronic.com\/de\/wp-json\/wp\/v2\/product_cat?post=14199"},{"taxonomy":"product_tag","embeddable":true,"href":"https:\/\/shop.mrs-electronic.com\/de\/wp-json\/wp\/v2\/product_tag?post=14199"}],"curies":[{"name":"wp","href":"https:\/\/api.w.org\/{rel}","templated":true}]}}