{"id":14181,"date":"2024-04-16T17:05:30","date_gmt":"2024-04-16T15:05:30","guid":{"rendered":"https:\/\/staging-shop.mrs-electronic.com\/product\/spannungswaechter-24v\/"},"modified":"2026-04-23T02:25:09","modified_gmt":"2026-04-23T00:25:09","slug":"spannungswaechter-24v","status":"publish","type":"product","link":"https:\/\/shop.mrs-electronic.com\/de\/produkt\/spannungswaechter-24v\/","title":{"rendered":"Spannungsw\u00e4chter 24 V"},"content":{"rendered":"<p>Die 24 V Spannungsw\u00e4chter werden zur Bereichs\u00fcberwachung verwendet. Der Spannungsw\u00e4chter schaltet Verbraucher bei \u00dcber- oder Unterschreiten bestimmter Schwellenspannungen an Klemme 15 ab. Die Standardwerte sind bei 12 V: 11,5 V\/ 12,5 V und bei 24 V: 23 V\/ 24 V. Die Spannungsschwellen k\u00f6nnen auch frei gew\u00e4hlt werden.<br \/>\nVerz\u00f6gerungszeiten sind ebenfalls m\u00f6glich. Die Bereichs\u00fcberwachung (Fensterkomparator) schaltet Verbraucher ein oder aus, wenn sich die Spannung in einem be\u00adstimmten Bereich befindet. Bitte geben Sie bei der Bestellung den gew\u00fcnschten Bereich an. Geh\u00e4useformen finden Sie im Kapitel Geh\u00e4use und Grundk\u00f6rper.<\/p>\n","protected":false},"excerpt":{"rendered":"<p>Die 24 V Spannungsw\u00e4chter werden zur Bereichs\u00fcberwachung verwendet. Der Spannungsw\u00e4chter schaltet Verbraucher bei \u00dcber- oder Unterschreiten bestimmter Schwellenspannungen an Klemme<\/p>\n","protected":false},"featured_media":14163,"template":"","meta":[],"product_brand":[],"product_cat":[746],"product_tag":[],"class_list":{"0":"post-14181","1":"product","2":"type-product","3":"status-publish","4":"has-post-thumbnail","6":"product_cat-spannungswaechter-de","8":"first","9":"instock","10":"taxable","11":"shipping-taxable","12":"purchasable","13":"product-type-variable"},"_links":{"self":[{"href":"https:\/\/shop.mrs-electronic.com\/de\/wp-json\/wp\/v2\/product\/14181","targetHints":{"allow":["GET"]}}],"collection":[{"href":"https:\/\/shop.mrs-electronic.com\/de\/wp-json\/wp\/v2\/product"}],"about":[{"href":"https:\/\/shop.mrs-electronic.com\/de\/wp-json\/wp\/v2\/types\/product"}],"wp:featuredmedia":[{"embeddable":true,"href":"https:\/\/shop.mrs-electronic.com\/de\/wp-json\/wp\/v2\/media\/14163"}],"wp:attachment":[{"href":"https:\/\/shop.mrs-electronic.com\/de\/wp-json\/wp\/v2\/media?parent=14181"}],"wp:term":[{"taxonomy":"product_brand","embeddable":true,"href":"https:\/\/shop.mrs-electronic.com\/de\/wp-json\/wp\/v2\/product_brand?post=14181"},{"taxonomy":"product_cat","embeddable":true,"href":"https:\/\/shop.mrs-electronic.com\/de\/wp-json\/wp\/v2\/product_cat?post=14181"},{"taxonomy":"product_tag","embeddable":true,"href":"https:\/\/shop.mrs-electronic.com\/de\/wp-json\/wp\/v2\/product_tag?post=14181"}],"curies":[{"name":"wp","href":"https:\/\/api.w.org\/{rel}","templated":true}]}}