{"id":14171,"date":"2024-04-16T18:05:27","date_gmt":"2024-04-16T15:05:27","guid":{"rendered":"https:\/\/staging-shop.mrs-electronic.com\/product\/unterspannungswaechter-24v-mit-quittierung\/"},"modified":"2026-04-14T16:51:31","modified_gmt":"2026-04-14T14:51:31","slug":"unterspannungswaechter-24v-mit-quittierung","status":"publish","type":"product","link":"https:\/\/shop.mrs-electronic.com\/de\/produkt\/unterspannungswaechter-24v-mit-quittierung\/","title":{"rendered":"Unterspannungsw\u00e4chter 24 V mit Quittierung"},"content":{"rendered":"<p>Der 24 V Spannungsw\u00e4chter mit Quittierung hat Ausg\u00e4nge f\u00fcr Anzeige\/Hupe etc. Er schaltet bei \u00dcber- oder Unterschreiten einer definierten Spannung ein akustisches und\/oder optisches Signal. Bei Unterschreiten der unteren Spannungsschwelle an Klemme 15 werden die Ausg\u00e4nge 87, 87a und c eingeschaltet. Mit dem Quittier\u00adeingang x kann der Ausgang 87 wieder abgeschaltet werden, die Ausg\u00e4nge 87a und C bleiben ein. Wird die obere Spannungsschwelle \u00fcberschritten, werden alle Ausg\u00e4nge ausgeschaltet. Andere Schalt\u00adschwellen sind auf Anfrage m\u00f6glich. Geh\u00e4useformen finden Sie im Kapitel Geh\u00e4use und Grundk\u00f6rper.<\/p>\n","protected":false},"excerpt":{"rendered":"<p>Der 24 V Spannungsw\u00e4chter mit Quittierung hat Ausg\u00e4nge f\u00fcr Anzeige\/Hupe etc. Er schaltet bei \u00dcber- oder Unterschreiten einer definierten Spannung<\/p>\n","protected":false},"featured_media":13741,"template":"","meta":[],"product_brand":[],"product_cat":[746],"product_tag":[],"class_list":{"0":"post-14171","1":"product","2":"type-product","3":"status-publish","4":"has-post-thumbnail","6":"product_cat-spannungswaechter-de","8":"first","9":"instock","10":"taxable","11":"shipping-taxable","12":"purchasable","13":"product-type-variable"},"_links":{"self":[{"href":"https:\/\/shop.mrs-electronic.com\/de\/wp-json\/wp\/v2\/product\/14171","targetHints":{"allow":["GET"]}}],"collection":[{"href":"https:\/\/shop.mrs-electronic.com\/de\/wp-json\/wp\/v2\/product"}],"about":[{"href":"https:\/\/shop.mrs-electronic.com\/de\/wp-json\/wp\/v2\/types\/product"}],"wp:featuredmedia":[{"embeddable":true,"href":"https:\/\/shop.mrs-electronic.com\/de\/wp-json\/wp\/v2\/media\/13741"}],"wp:attachment":[{"href":"https:\/\/shop.mrs-electronic.com\/de\/wp-json\/wp\/v2\/media?parent=14171"}],"wp:term":[{"taxonomy":"product_brand","embeddable":true,"href":"https:\/\/shop.mrs-electronic.com\/de\/wp-json\/wp\/v2\/product_brand?post=14171"},{"taxonomy":"product_cat","embeddable":true,"href":"https:\/\/shop.mrs-electronic.com\/de\/wp-json\/wp\/v2\/product_cat?post=14171"},{"taxonomy":"product_tag","embeddable":true,"href":"https:\/\/shop.mrs-electronic.com\/de\/wp-json\/wp\/v2\/product_tag?post=14171"}],"curies":[{"name":"wp","href":"https:\/\/api.w.org\/{rel}","templated":true}]}}