{"id":14089,"date":"2024-04-16T17:05:03","date_gmt":"2024-04-16T15:05:03","guid":{"rendered":"https:\/\/staging-shop.mrs-electronic.com\/product\/zeitrelais-anzugsverzoegert-m1-kompakt-24v\/"},"modified":"2026-04-08T02:25:39","modified_gmt":"2026-04-08T00:25:39","slug":"zeitrelais-anzugsverzoegert-m1-kompakt-24v","status":"publish","type":"product","link":"https:\/\/shop.mrs-electronic.com\/de\/produkt\/zeitrelais-anzugsverzoegert-m1-kompakt-24v\/","title":{"rendered":"Zeitrelais anzugsverz\u00f6gert M1 kompakt 24 V"},"content":{"rendered":"<p>Zeitrelais anzugsverz\u00f6gert kompakt schalten Verbraucher nach Ablauf der vorgegeben Verz\u00f6gerungszeit ein. <\/p>\n<p>Alle Schaltbilder: An Klemme 30\/87z wird Betriebsspannung angelegt. Wird an Klemme 15 Spannung angelegt, zieht das Relais nach Ablauf der vorgegeben Zeit an. Wird die Spannung an Klemme 15 weggenommen f\u00e4llt das Relais unmittelbar ab.<br \/>\nSchaltbild S2 und S3: Die Kontakte sind getrennt von der Ansteuerung und k\u00f6nnen daher in Verkn\u00fcpfungen eingesetzt werden. Bei den Varianten S2 und S3 ist der Relaiskontakt komplett potentialfrei und somit in der Lage Wechselspannung zu schalten. Geh\u00e4useformen finden Sie im Kapitel Geh\u00e4use und Grundk\u00f6rper.<\/p>\n","protected":false},"excerpt":{"rendered":"<p>Zeitrelais anzugsverz\u00f6gert kompakt schalten Verbraucher nach Ablauf der vorgegeben Verz\u00f6gerungszeit ein. Alle Schaltbilder: An Klemme 30\/87z wird Betriebsspannung angelegt. Wird<\/p>\n","protected":false},"featured_media":13967,"template":"","meta":[],"product_brand":[],"product_cat":[742],"product_tag":[],"class_list":{"0":"post-14089","1":"product","2":"type-product","3":"status-publish","4":"has-post-thumbnail","6":"product_cat-zeitrelais-de","8":"first","9":"instock","10":"taxable","11":"shipping-taxable","12":"purchasable","13":"product-type-variable"},"_links":{"self":[{"href":"https:\/\/shop.mrs-electronic.com\/de\/wp-json\/wp\/v2\/product\/14089","targetHints":{"allow":["GET"]}}],"collection":[{"href":"https:\/\/shop.mrs-electronic.com\/de\/wp-json\/wp\/v2\/product"}],"about":[{"href":"https:\/\/shop.mrs-electronic.com\/de\/wp-json\/wp\/v2\/types\/product"}],"wp:featuredmedia":[{"embeddable":true,"href":"https:\/\/shop.mrs-electronic.com\/de\/wp-json\/wp\/v2\/media\/13967"}],"wp:attachment":[{"href":"https:\/\/shop.mrs-electronic.com\/de\/wp-json\/wp\/v2\/media?parent=14089"}],"wp:term":[{"taxonomy":"product_brand","embeddable":true,"href":"https:\/\/shop.mrs-electronic.com\/de\/wp-json\/wp\/v2\/product_brand?post=14089"},{"taxonomy":"product_cat","embeddable":true,"href":"https:\/\/shop.mrs-electronic.com\/de\/wp-json\/wp\/v2\/product_cat?post=14089"},{"taxonomy":"product_tag","embeddable":true,"href":"https:\/\/shop.mrs-electronic.com\/de\/wp-json\/wp\/v2\/product_tag?post=14089"}],"curies":[{"name":"wp","href":"https:\/\/api.w.org\/{rel}","templated":true}]}}