{"id":14051,"date":"2024-04-16T17:04:55","date_gmt":"2024-04-16T15:04:55","guid":{"rendered":"https:\/\/staging-shop.mrs-electronic.com\/product\/zeitrelais-abfallverzoegert-m3-12v\/"},"modified":"2026-04-19T02:25:33","modified_gmt":"2026-04-19T00:25:33","slug":"zeitrelais-abfallverzoegert-m3-12v","status":"publish","type":"product","link":"https:\/\/shop.mrs-electronic.com\/de\/produkt\/zeitrelais-abfallverzoegert-m3-12v\/","title":{"rendered":"Zeitrelais abfallverz\u00f6gert M3 12 V"},"content":{"rendered":"<p>Zeitrelais abfallverz\u00f6gert M3 schalten Verbraucher nach Ablauf der vorgegeben Verz\u00f6gerungszeit ein. <\/p>\n<p>Alle Schaltbilder: An Klemme 30\/87z wird Betriebsspannung angelegt. Wird an Klemme 15 Spannung angelegt, zieht das Relais unmittelbar an. Wird die Spannung an Klemme 15 weggenommen f\u00e4llt das Relais nach Ablauf der vorgegeben Zeit ab.<br \/>\nSchaltbild S2: Die Kontakte sind getrennt von der Ansteuerung und k\u00f6nnen daher in Verkn\u00fcpfungen eingesetzt werden. Bei dieser Variante ist der Relaiskontakt komplett potentialfrei und somit in der Lage Wechselspannung zu schalten. Schaltbild S4: Das Relaisverbraucht durch die Diodenbeschaltung nach dem Abfallen keinen Ruhestrom. Variante S4 nur 10\/15 A (\u00d6\/S). Geh\u00e4useformen finden Sie im Kapitel Geh\u00e4use und Grundk\u00f6rper.<\/p>\n","protected":false},"excerpt":{"rendered":"<p>Zeitrelais abfallverz\u00f6gert M3 schalten Verbraucher nach Ablauf der vorgegeben Verz\u00f6gerungszeit ein. Alle Schaltbilder: An Klemme 30\/87z wird Betriebsspannung angelegt. Wird<\/p>\n","protected":false},"featured_media":14038,"template":"","meta":[],"product_brand":[],"product_cat":[742],"product_tag":[],"class_list":{"0":"post-14051","1":"product","2":"type-product","3":"status-publish","4":"has-post-thumbnail","6":"product_cat-zeitrelais-de","8":"first","9":"instock","10":"taxable","11":"shipping-taxable","12":"purchasable","13":"product-type-variable"},"_links":{"self":[{"href":"https:\/\/shop.mrs-electronic.com\/de\/wp-json\/wp\/v2\/product\/14051","targetHints":{"allow":["GET"]}}],"collection":[{"href":"https:\/\/shop.mrs-electronic.com\/de\/wp-json\/wp\/v2\/product"}],"about":[{"href":"https:\/\/shop.mrs-electronic.com\/de\/wp-json\/wp\/v2\/types\/product"}],"wp:featuredmedia":[{"embeddable":true,"href":"https:\/\/shop.mrs-electronic.com\/de\/wp-json\/wp\/v2\/media\/14038"}],"wp:attachment":[{"href":"https:\/\/shop.mrs-electronic.com\/de\/wp-json\/wp\/v2\/media?parent=14051"}],"wp:term":[{"taxonomy":"product_brand","embeddable":true,"href":"https:\/\/shop.mrs-electronic.com\/de\/wp-json\/wp\/v2\/product_brand?post=14051"},{"taxonomy":"product_cat","embeddable":true,"href":"https:\/\/shop.mrs-electronic.com\/de\/wp-json\/wp\/v2\/product_cat?post=14051"},{"taxonomy":"product_tag","embeddable":true,"href":"https:\/\/shop.mrs-electronic.com\/de\/wp-json\/wp\/v2\/product_tag?post=14051"}],"curies":[{"name":"wp","href":"https:\/\/api.w.org\/{rel}","templated":true}]}}