{"id":13862,"date":"2024-04-07T14:49:39","date_gmt":"2024-04-07T11:49:39","guid":{"rendered":"https:\/\/staging-shop.mrs-electronic.com\/product\/stecksockel-mi-fl-5pol-2-x-63-3-x-48\/"},"modified":"2026-04-27T02:25:09","modified_gmt":"2026-04-27T00:25:09","slug":"stecksockel-mi-fl-5pol-2-x-63-3-x-48","status":"publish","type":"product","link":"https:\/\/shop.mrs-electronic.com\/de\/produkt\/stecksockel-mi-fl-5pol-2-x-63-3-x-48\/","title":{"rendered":"Stecksockel MI FL 5pol. 2 x 6.3 \/ 3 x 4.8"},"content":{"rendered":"<p>Der kompakte und hochwertige 5-polige MRS Stecksockel MI FL 5pol. 2 x 6.3 \/ 3 x 4.8 eignet sich perfekt f\u00fcr Ihre Applikation in Verwendung mit MRS Relais. Nutzen Sie den Stecksockel um die passenden Flachsteckh\u00fclsen zu integrieren und anschlie\u00dfend die Verkabelung zu fixieren.<br \/>\nF\u00fcr weitere Informationen zu diesem Produkt wenden Sie sich bitte an unseren MRS Kundenservice.<\/p>\n","protected":false},"excerpt":{"rendered":"<p>Der kompakte und hochwertige 5-polige MRS Stecksockel MI FL 5pol. 2 x 6.3 \/ 3 x 4.8 eignet sich perfekt<\/p>\n","protected":false},"featured_media":13859,"template":"","meta":[],"product_brand":[],"product_cat":[760],"product_tag":[],"class_list":{"0":"post-13862","1":"product","2":"type-product","3":"status-publish","4":"has-post-thumbnail","6":"product_cat-stecksockel-de","8":"first","9":"instock","10":"taxable","11":"shipping-taxable","12":"purchasable","13":"product-type-variable"},"_links":{"self":[{"href":"https:\/\/shop.mrs-electronic.com\/de\/wp-json\/wp\/v2\/product\/13862","targetHints":{"allow":["GET"]}}],"collection":[{"href":"https:\/\/shop.mrs-electronic.com\/de\/wp-json\/wp\/v2\/product"}],"about":[{"href":"https:\/\/shop.mrs-electronic.com\/de\/wp-json\/wp\/v2\/types\/product"}],"wp:featuredmedia":[{"embeddable":true,"href":"https:\/\/shop.mrs-electronic.com\/de\/wp-json\/wp\/v2\/media\/13859"}],"wp:attachment":[{"href":"https:\/\/shop.mrs-electronic.com\/de\/wp-json\/wp\/v2\/media?parent=13862"}],"wp:term":[{"taxonomy":"product_brand","embeddable":true,"href":"https:\/\/shop.mrs-electronic.com\/de\/wp-json\/wp\/v2\/product_brand?post=13862"},{"taxonomy":"product_cat","embeddable":true,"href":"https:\/\/shop.mrs-electronic.com\/de\/wp-json\/wp\/v2\/product_cat?post=13862"},{"taxonomy":"product_tag","embeddable":true,"href":"https:\/\/shop.mrs-electronic.com\/de\/wp-json\/wp\/v2\/product_tag?post=13862"}],"curies":[{"name":"wp","href":"https:\/\/api.w.org\/{rel}","templated":true}]}}