{"id":13748,"date":"2024-04-07T14:49:05","date_gmt":"2024-04-07T11:49:05","guid":{"rendered":"https:\/\/staging-shop.mrs-electronic.com\/product\/unterspannungswaechter-12v-mit-quittierung\/"},"modified":"2026-04-23T02:25:08","modified_gmt":"2026-04-23T00:25:08","slug":"unterspannungswaechter-12v-mit-quittierung","status":"publish","type":"product","link":"https:\/\/shop.mrs-electronic.com\/de\/produkt\/unterspannungswaechter-12v-mit-quittierung\/","title":{"rendered":"Unterspannungsw\u00e4chter 12 V mit Quittierung"},"content":{"rendered":"<p>Der 12 V Spannungs\u00adw\u00e4ch\u00adter mit Quittierung hat Ausg\u00e4nge f\u00fcr An\u00adzei\u00adge\/Hupe etc. Er schaltet bei \u00dcber- oder Un\u00adter\u00adschrei\u00adten einer definierten Spannung ein akus\u00adti\u00adsches und\/oder optisches Signal. Bei Unterschreiten der unteren Spannungsschwelle an Klemme 15 werden die Ausg\u00e4nge 87, 87a und c eingeschaltet. Mit dem Quittier\u00adeingang x kann der Ausgang 87 wieder abgeschaltet werden, die Ausg\u00e4nge 87a und C bleiben ein. Wird die obere Spannungsschwelle \u00fcberschritten, werden alle Ausg\u00e4nge ausgeschaltet. Andere Schalt\u00adschwellen sind auf Anfrage m\u00f6glich. Geh\u00e4useformen finden Sie im Kapitel Geh\u00e4use und Grundk\u00f6rper.<\/p>\n","protected":false},"excerpt":{"rendered":"<p>Der 12 V Spannungs\u00adw\u00e4ch\u00adter mit Quittierung hat Ausg\u00e4nge f\u00fcr An\u00adzei\u00adge\/Hupe etc. Er schaltet bei \u00dcber- oder Un\u00adter\u00adschrei\u00adten einer definierten Spannung<\/p>\n","protected":false},"featured_media":13742,"template":"","meta":[],"product_brand":[],"product_cat":[746],"product_tag":[],"class_list":{"0":"post-13748","1":"product","2":"type-product","3":"status-publish","4":"has-post-thumbnail","6":"product_cat-spannungswaechter-de","8":"first","9":"instock","10":"taxable","11":"shipping-taxable","12":"purchasable","13":"product-type-variable"},"_links":{"self":[{"href":"https:\/\/shop.mrs-electronic.com\/de\/wp-json\/wp\/v2\/product\/13748","targetHints":{"allow":["GET"]}}],"collection":[{"href":"https:\/\/shop.mrs-electronic.com\/de\/wp-json\/wp\/v2\/product"}],"about":[{"href":"https:\/\/shop.mrs-electronic.com\/de\/wp-json\/wp\/v2\/types\/product"}],"wp:featuredmedia":[{"embeddable":true,"href":"https:\/\/shop.mrs-electronic.com\/de\/wp-json\/wp\/v2\/media\/13742"}],"wp:attachment":[{"href":"https:\/\/shop.mrs-electronic.com\/de\/wp-json\/wp\/v2\/media?parent=13748"}],"wp:term":[{"taxonomy":"product_brand","embeddable":true,"href":"https:\/\/shop.mrs-electronic.com\/de\/wp-json\/wp\/v2\/product_brand?post=13748"},{"taxonomy":"product_cat","embeddable":true,"href":"https:\/\/shop.mrs-electronic.com\/de\/wp-json\/wp\/v2\/product_cat?post=13748"},{"taxonomy":"product_tag","embeddable":true,"href":"https:\/\/shop.mrs-electronic.com\/de\/wp-json\/wp\/v2\/product_tag?post=13748"}],"curies":[{"name":"wp","href":"https:\/\/api.w.org\/{rel}","templated":true}]}}