{"id":13734,"date":"2024-04-07T14:49:01","date_gmt":"2024-04-07T11:49:01","guid":{"rendered":"https:\/\/staging-shop.mrs-electronic.com\/product\/universalblinkgeber-9-30-v\/"},"modified":"2026-04-04T02:25:42","modified_gmt":"2026-04-04T00:25:42","slug":"universalblinkgeber-9-30-v","status":"publish","type":"product","link":"https:\/\/shop.mrs-electronic.com\/de\/produkt\/universalblinkgeber-9-30-v\/","title":{"rendered":"Universalblinkgeber 9-30 V"},"content":{"rendered":"<p>Elektronische Universalblinkgeber werden eingesetzt f\u00fcr das Richtungs- und Warnblinken. Der Blinkgeber kann f\u00fcr verschiedene Fahrzeugtypen verwendet werden. Ausf\u00fchrungen sind erh\u00e4ltlich mit LED-Anzeige (zus\u00e4tzlicher Funktionsanzeige) oder Start\/Stop. Schaltbild S1: Wird an Klemme 49 Betriebsspannung angelegt startet der Blinkgeber unmittelbar. Er erzeugt im Betrieb 90 +\/-30 Impulse pro Minute. Der Ausgang ist mit bis zu 10 W belastbar, h\u00f6here Lasten k\u00f6nnen durch ein nachgeschaltetes Last\u00adrelais ebenfalls betrieben werden. Schaltbild S2: Auf Wunsch ist der Blinkgeber auch mit Status-LED erh\u00e4ltlich. Geh\u00e4useformen finden Sie im Kapitel Geh\u00e4use und Grundk\u00f6rper.<\/p>\n","protected":false},"excerpt":{"rendered":"<p>Elektronische Universalblinkgeber werden eingesetzt f\u00fcr das Richtungs- und Warnblinken. Der Blinkgeber kann f\u00fcr verschiedene Fahrzeugtypen verwendet werden. Ausf\u00fchrungen sind erh\u00e4ltlich<\/p>\n","protected":false},"featured_media":13728,"template":"","meta":[],"product_brand":[],"product_cat":[750],"product_tag":[],"class_list":{"0":"post-13734","1":"product","2":"type-product","3":"status-publish","4":"has-post-thumbnail","6":"product_cat-blinkgeber-de","8":"first","9":"instock","10":"taxable","11":"shipping-taxable","12":"purchasable","13":"product-type-variable"},"_links":{"self":[{"href":"https:\/\/shop.mrs-electronic.com\/de\/wp-json\/wp\/v2\/product\/13734","targetHints":{"allow":["GET"]}}],"collection":[{"href":"https:\/\/shop.mrs-electronic.com\/de\/wp-json\/wp\/v2\/product"}],"about":[{"href":"https:\/\/shop.mrs-electronic.com\/de\/wp-json\/wp\/v2\/types\/product"}],"wp:featuredmedia":[{"embeddable":true,"href":"https:\/\/shop.mrs-electronic.com\/de\/wp-json\/wp\/v2\/media\/13728"}],"wp:attachment":[{"href":"https:\/\/shop.mrs-electronic.com\/de\/wp-json\/wp\/v2\/media?parent=13734"}],"wp:term":[{"taxonomy":"product_brand","embeddable":true,"href":"https:\/\/shop.mrs-electronic.com\/de\/wp-json\/wp\/v2\/product_brand?post=13734"},{"taxonomy":"product_cat","embeddable":true,"href":"https:\/\/shop.mrs-electronic.com\/de\/wp-json\/wp\/v2\/product_cat?post=13734"},{"taxonomy":"product_tag","embeddable":true,"href":"https:\/\/shop.mrs-electronic.com\/de\/wp-json\/wp\/v2\/product_tag?post=13734"}],"curies":[{"name":"wp","href":"https:\/\/api.w.org\/{rel}","templated":true}]}}