{"id":13722,"date":"2024-04-07T14:48:57","date_gmt":"2024-04-07T11:48:57","guid":{"rendered":"https:\/\/staging-shop.mrs-electronic.com\/product\/blinkgeber-m3-24v\/"},"modified":"2026-04-09T02:25:39","modified_gmt":"2026-04-09T00:25:39","slug":"blinkgeber-m3-24v","status":"publish","type":"product","link":"https:\/\/shop.mrs-electronic.com\/de\/produkt\/blinkgeber-m3-24v\/","title":{"rendered":"Blinkgeber M3 24 V"},"content":{"rendered":"<p>Blinkgeber Start\/Stop M3 werden eingesetzt f\u00fcr das Richtungs- und Warnblinken. Der Blinkgeber kann f\u00fcr verschiedene Fahrzeugtypen verwendet werden. Alle Schaltbilder: An Klemme 30\/87z wird Betriebsspannung angelegt. Wird an Klemme 15 Spannung angelegt, startet der Blinkgeber unmittelbar. Er erzeugt im Betrieb 90 +\/-30 Impulse pro Minute. Der Ausgang ist mit bis zu 20 A belastbar, h\u00f6here Lasten k\u00f6nnen durch ein nachgeschaltetes Last\u00adrelais ebenfalls betrieben werden. An 87a liegt das invertierte Ansteuersignal an. Geh\u00e4useformen finden Sie im Kapitel Geh\u00e4use und Grundk\u00f6rper.<\/p>\n","protected":false},"excerpt":{"rendered":"<p>Blinkgeber Start\/Stop M3 werden eingesetzt f\u00fcr das Richtungs- und Warnblinken. Der Blinkgeber kann f\u00fcr verschiedene Fahrzeugtypen verwendet werden. Alle Schaltbilder:<\/p>\n","protected":false},"featured_media":13704,"template":"","meta":[],"product_brand":[],"product_cat":[750],"product_tag":[],"class_list":{"0":"post-13722","1":"product","2":"type-product","3":"status-publish","4":"has-post-thumbnail","6":"product_cat-blinkgeber-de","8":"first","9":"instock","10":"taxable","11":"shipping-taxable","12":"purchasable","13":"product-type-variable"},"_links":{"self":[{"href":"https:\/\/shop.mrs-electronic.com\/de\/wp-json\/wp\/v2\/product\/13722","targetHints":{"allow":["GET"]}}],"collection":[{"href":"https:\/\/shop.mrs-electronic.com\/de\/wp-json\/wp\/v2\/product"}],"about":[{"href":"https:\/\/shop.mrs-electronic.com\/de\/wp-json\/wp\/v2\/types\/product"}],"wp:featuredmedia":[{"embeddable":true,"href":"https:\/\/shop.mrs-electronic.com\/de\/wp-json\/wp\/v2\/media\/13704"}],"wp:attachment":[{"href":"https:\/\/shop.mrs-electronic.com\/de\/wp-json\/wp\/v2\/media?parent=13722"}],"wp:term":[{"taxonomy":"product_brand","embeddable":true,"href":"https:\/\/shop.mrs-electronic.com\/de\/wp-json\/wp\/v2\/product_brand?post=13722"},{"taxonomy":"product_cat","embeddable":true,"href":"https:\/\/shop.mrs-electronic.com\/de\/wp-json\/wp\/v2\/product_cat?post=13722"},{"taxonomy":"product_tag","embeddable":true,"href":"https:\/\/shop.mrs-electronic.com\/de\/wp-json\/wp\/v2\/product_tag?post=13722"}],"curies":[{"name":"wp","href":"https:\/\/api.w.org\/{rel}","templated":true}]}}