{"id":13718,"date":"2024-04-07T14:48:55","date_gmt":"2024-04-07T11:48:55","guid":{"rendered":"https:\/\/staging-shop.mrs-electronic.com\/product\/led-universalblinkgeber-24v\/"},"modified":"2026-04-16T02:25:37","modified_gmt":"2026-04-16T00:25:37","slug":"led-universalblinkgeber-24v","status":"publish","type":"product","link":"https:\/\/shop.mrs-electronic.com\/de\/produkt\/led-universalblinkgeber-24v\/","title":{"rendered":"LED Universalblinkgeber 24 V"},"content":{"rendered":"<p>Der 24 V Universalblinkgeber LED ist f\u00fcr LED-Leuchten als auch f\u00fcr Leuchten mit Gl\u00fchlampen geeignet. Dieser Blinkgeber ist geeignet f\u00fcr Links- und Rechts-Blin\u00adken mit Warnblinkfunktion und Frequenzverdopplung bei Lampen-\/LED-Ausfall. Klemme C dient als Blinkerlampenkontroll-Ausgang. F\u00e4llt eine Leuchte im Blinkermodus aus, verdoppelt sich die Frequenz an Klemme C (C2 Funktion).<br \/>\nWird an den Blinker-Eingang Links oder Rechts Betriebsspannung angelegt, startet der Blinkgeber unmittelbar. Wird am Eingang Warnblinken oder an beiden Blinker\u00adeing\u00e4ngen Betriebsspannung angelegt wird die Funktion Warnblinken aktiviert. \u00dcber (nach Kundenwunsch einstellbare) Strom-Schwellen werden Ausf\u00e4lle der angeschlossenen Lampen bzw. LED-Leuchten an jedem der 4 Ausgangskan\u00e4le erkannt. Die Blinkfrequenz wird umgehend verdoppelt (C2 Funktion). W\u00e4hrend der Funktion Warnblinken wird die Blinkfrequenz nicht verdoppelt.<\/p>\n","protected":false},"excerpt":{"rendered":"<p>Der 24 V Universalblinkgeber LED ist f\u00fcr LED-Leuchten als auch f\u00fcr Leuchten mit Gl\u00fchlampen geeignet. Dieser Blinkgeber ist geeignet f\u00fcr<\/p>\n","protected":false},"featured_media":13694,"template":"","meta":[],"product_brand":[],"product_cat":[750],"product_tag":[],"class_list":{"0":"post-13718","1":"product","2":"type-product","3":"status-publish","4":"has-post-thumbnail","6":"product_cat-blinkgeber-de","8":"first","9":"instock","10":"taxable","11":"shipping-taxable","12":"purchasable","13":"product-type-variable"},"_links":{"self":[{"href":"https:\/\/shop.mrs-electronic.com\/de\/wp-json\/wp\/v2\/product\/13718","targetHints":{"allow":["GET"]}}],"collection":[{"href":"https:\/\/shop.mrs-electronic.com\/de\/wp-json\/wp\/v2\/product"}],"about":[{"href":"https:\/\/shop.mrs-electronic.com\/de\/wp-json\/wp\/v2\/types\/product"}],"wp:featuredmedia":[{"embeddable":true,"href":"https:\/\/shop.mrs-electronic.com\/de\/wp-json\/wp\/v2\/media\/13694"}],"wp:attachment":[{"href":"https:\/\/shop.mrs-electronic.com\/de\/wp-json\/wp\/v2\/media?parent=13718"}],"wp:term":[{"taxonomy":"product_brand","embeddable":true,"href":"https:\/\/shop.mrs-electronic.com\/de\/wp-json\/wp\/v2\/product_brand?post=13718"},{"taxonomy":"product_cat","embeddable":true,"href":"https:\/\/shop.mrs-electronic.com\/de\/wp-json\/wp\/v2\/product_cat?post=13718"},{"taxonomy":"product_tag","embeddable":true,"href":"https:\/\/shop.mrs-electronic.com\/de\/wp-json\/wp\/v2\/product_tag?post=13718"}],"curies":[{"name":"wp","href":"https:\/\/api.w.org\/{rel}","templated":true}]}}