{"id":13662,"date":"2024-04-07T13:48:39","date_gmt":"2024-04-07T11:48:39","guid":{"rendered":"https:\/\/staging-shop.mrs-electronic.com\/product\/micro-sps-9-30-v\/"},"modified":"2026-04-22T02:25:31","modified_gmt":"2026-04-22T00:25:31","slug":"micro-sps-9-30-v","status":"publish","type":"product","link":"https:\/\/shop.mrs-electronic.com\/de\/produkt\/micro-sps-9-30-v\/","title":{"rendered":"Micro SPS 9-30 V"},"content":{"rendered":"<p>Die Micro SPS ist eine Kleinststeuerung f\u00fcr automotive Anwendungen. Freie Konfigurier-, Parametrier- und Programmierbarkeit bieten vielf\u00e4ltige Einsatzm\u00f6glichkeiten im Kfz-Bereich.<\/p>\n","protected":false},"excerpt":{"rendered":"<p>Die Micro SPS ist eine Kleinststeuerung f\u00fcr automotive Anwendungen. Freie Konfigurier-, Parametrier- und Programmierbarkeit bieten vielf\u00e4ltige Einsatzm\u00f6glichkeiten im Kfz-Bereich.<\/p>\n","protected":false},"featured_media":17583,"template":"","meta":[],"product_brand":[],"product_cat":[732],"product_tag":[],"class_list":{"0":"post-13662","1":"product","2":"type-product","3":"status-publish","4":"has-post-thumbnail","6":"product_cat-sps-steuerungen-de","8":"first","9":"instock","10":"taxable","11":"shipping-taxable","12":"purchasable","13":"product-type-variable"},"_links":{"self":[{"href":"https:\/\/shop.mrs-electronic.com\/de\/wp-json\/wp\/v2\/product\/13662","targetHints":{"allow":["GET"]}}],"collection":[{"href":"https:\/\/shop.mrs-electronic.com\/de\/wp-json\/wp\/v2\/product"}],"about":[{"href":"https:\/\/shop.mrs-electronic.com\/de\/wp-json\/wp\/v2\/types\/product"}],"wp:featuredmedia":[{"embeddable":true,"href":"https:\/\/shop.mrs-electronic.com\/de\/wp-json\/wp\/v2\/media\/17583"}],"wp:attachment":[{"href":"https:\/\/shop.mrs-electronic.com\/de\/wp-json\/wp\/v2\/media?parent=13662"}],"wp:term":[{"taxonomy":"product_brand","embeddable":true,"href":"https:\/\/shop.mrs-electronic.com\/de\/wp-json\/wp\/v2\/product_brand?post=13662"},{"taxonomy":"product_cat","embeddable":true,"href":"https:\/\/shop.mrs-electronic.com\/de\/wp-json\/wp\/v2\/product_cat?post=13662"},{"taxonomy":"product_tag","embeddable":true,"href":"https:\/\/shop.mrs-electronic.com\/de\/wp-json\/wp\/v2\/product_tag?post=13662"}],"curies":[{"name":"wp","href":"https:\/\/api.w.org\/{rel}","templated":true}]}}