{"id":13638,"date":"2024-04-07T14:48:31","date_gmt":"2024-04-07T11:48:31","guid":{"rendered":"https:\/\/staging-shop.mrs-electronic.com\/product\/micro-sps-12v\/"},"modified":"2026-04-20T02:25:50","modified_gmt":"2026-04-20T00:25:50","slug":"micro-sps-12v","status":"publish","type":"product","link":"https:\/\/shop.mrs-electronic.com\/de\/produkt\/micro-sps-12v\/","title":{"rendered":"Micro SPS 12 V"},"content":{"rendered":"<p>Die Micro SPS ist eine Kleinststeuerung f\u00fcr automotive Anwendungen. Freie Konfigurier-, Parametrier- und Programmierbarkeit bieten vielf\u00e4ltige Einsatzm\u00f6glichkeiten im Kfz-Bereich.<\/p>\n","protected":false},"excerpt":{"rendered":"<p>Die Micro SPS ist eine Kleinststeuerung f\u00fcr automotive Anwendungen. Freie Konfigurier-, Parametrier- und Programmierbarkeit bieten vielf\u00e4ltige Einsatzm\u00f6glichkeiten im Kfz-Bereich.<\/p>\n","protected":false},"featured_media":13622,"template":"","meta":[],"product_brand":[],"product_cat":[732],"product_tag":[],"class_list":{"0":"post-13638","1":"product","2":"type-product","3":"status-publish","4":"has-post-thumbnail","6":"product_cat-sps-steuerungen-de","8":"first","9":"instock","10":"taxable","11":"shipping-taxable","12":"purchasable","13":"product-type-variable"},"_links":{"self":[{"href":"https:\/\/shop.mrs-electronic.com\/de\/wp-json\/wp\/v2\/product\/13638","targetHints":{"allow":["GET"]}}],"collection":[{"href":"https:\/\/shop.mrs-electronic.com\/de\/wp-json\/wp\/v2\/product"}],"about":[{"href":"https:\/\/shop.mrs-electronic.com\/de\/wp-json\/wp\/v2\/types\/product"}],"wp:featuredmedia":[{"embeddable":true,"href":"https:\/\/shop.mrs-electronic.com\/de\/wp-json\/wp\/v2\/media\/13622"}],"wp:attachment":[{"href":"https:\/\/shop.mrs-electronic.com\/de\/wp-json\/wp\/v2\/media?parent=13638"}],"wp:term":[{"taxonomy":"product_brand","embeddable":true,"href":"https:\/\/shop.mrs-electronic.com\/de\/wp-json\/wp\/v2\/product_brand?post=13638"},{"taxonomy":"product_cat","embeddable":true,"href":"https:\/\/shop.mrs-electronic.com\/de\/wp-json\/wp\/v2\/product_cat?post=13638"},{"taxonomy":"product_tag","embeddable":true,"href":"https:\/\/shop.mrs-electronic.com\/de\/wp-json\/wp\/v2\/product_tag?post=13638"}],"curies":[{"name":"wp","href":"https:\/\/api.w.org\/{rel}","templated":true}]}}