{"id":11511,"date":"2023-03-31T05:53:01","date_gmt":"2023-03-31T03:53:01","guid":{"rendered":"https:\/\/mrsshop.demowebserver.de\/lieferung-bezahlung\/"},"modified":"2025-12-11T10:15:41","modified_gmt":"2025-12-11T09:15:41","slug":"lieferung-bezahlung","status":"publish","type":"page","link":"https:\/\/shop.mrs-electronic.com\/de\/lieferung-bezahlung\/","title":{"rendered":"Lieferung &amp; Bezahlung"},"content":{"rendered":"\t\t<div data-elementor-type=\"wp-page\" data-elementor-id=\"11511\" class=\"elementor elementor-11511 elementor-9220\" data-elementor-post-type=\"page\">\n\t\t\t\t<div class=\"wd-negative-gap elementor-element elementor-element-242790ff e-flex e-con-boxed e-con e-parent\" data-id=\"242790ff\" data-element_type=\"container\" data-e-type=\"container\">\n\t\t\t\t\t<div class=\"e-con-inner\">\n\t\t\t\t<div class=\"elementor-element elementor-element-21b5d5ec color-scheme-inherit text-left elementor-widget elementor-widget-text-editor\" data-id=\"21b5d5ec\" data-element_type=\"widget\" data-e-type=\"widget\" data-widget_type=\"text-editor.default\">\n\t\t\t\t<div class=\"elementor-widget-container\">\n\t\t\t\t\t\t\t\t\t<h3 class=\"wp-block-heading\">Lieferung<\/h3><p>Die Waren werden per UPS-Kurier ab dem Lager in Rottweil, Deutschland, geliefert, sofern nicht im Voraus etwas anderes vereinbart wurde. Es kann bis zu drei Tage dauern, bis die Bestellung versandfertig ist.<\/p><p>Die Lieferpreise sind abh\u00e4ngig vom Gewicht\/Gr\u00f6\u00dfe der Ware sowie der Lieferadresse und werden bei der Bestellung berechnet.<\/p><p>Wenn der Empf\u00e4nger zum Zeitpunkt der Zustellung telefonisch nicht erreichbar ist und sich nicht an der angegebenen Zustelladresse befindet, versucht UPS dreimal, das Paket zuzustellen, und wenn ein UPS Access Point verf\u00fcgbar ist, wird es dort zur Abholung durch den K\u00e4ufer bereitgestellt. Sollte der K\u00e4ufer nach 3 Versuchen nicht erreichbar sein und das Paket nicht am UPS Access Point abholen oder der UPS Access Point nicht erreichbar sein, wird die Bestellung an das Lager des Verk\u00e4ufers in Rottweil, Deutschland, zur\u00fcckgesandt.  <\/p><p>Der Verk\u00e4ufer wird den K\u00e4ufer \u00fcber die \u00dcbergabe der Bestellung an den Kurier benachrichtigen und ihm die Tracking-Nummer mitteilen.<\/p><p>Wenn eine beschleunigte Lieferung oder ein bestimmtes Lieferdatum erforderlich ist, wenden Sie sich bitte an den Verk\u00e4ufer unter shop@mrs-electronic.com.<\/p><h3 class=\"wp-block-heading\">Zahlung<\/h3><p>Die Bezahlung der Waren ist mit einer der folgenden Methoden m\u00f6glich:<\/p><ul><li>Banktransfer<\/li><li>Visa oder MasterCard<\/li><li>mit PayPal<\/li><\/ul>\t\t\t\t\t\t\t\t<\/div>\n\t\t\t\t<\/div>\n\t\t\t\t\t<\/div>\n\t\t\t\t<\/div>\n\t\t\t\t<\/div>\n\t\t","protected":false},"excerpt":{"rendered":"<p>Lieferung Die Waren werden per UPS-Kurier ab dem Lager in Rottweil, Deutschland, geliefert, sofern nicht im Voraus etwas anderes vereinbart<\/p>\n","protected":false},"author":1,"featured_media":0,"parent":0,"menu_order":0,"comment_status":"closed","ping_status":"closed","template":"","meta":{"footnotes":""},"class_list":["post-11511","page","type-page","status-publish","hentry"],"_links":{"self":[{"href":"https:\/\/shop.mrs-electronic.com\/de\/wp-json\/wp\/v2\/pages\/11511","targetHints":{"allow":["GET"]}}],"collection":[{"href":"https:\/\/shop.mrs-electronic.com\/de\/wp-json\/wp\/v2\/pages"}],"about":[{"href":"https:\/\/shop.mrs-electronic.com\/de\/wp-json\/wp\/v2\/types\/page"}],"author":[{"embeddable":true,"href":"https:\/\/shop.mrs-electronic.com\/de\/wp-json\/wp\/v2\/users\/1"}],"replies":[{"embeddable":true,"href":"https:\/\/shop.mrs-electronic.com\/de\/wp-json\/wp\/v2\/comments?post=11511"}],"version-history":[{"count":0,"href":"https:\/\/shop.mrs-electronic.com\/de\/wp-json\/wp\/v2\/pages\/11511\/revisions"}],"wp:attachment":[{"href":"https:\/\/shop.mrs-electronic.com\/de\/wp-json\/wp\/v2\/media?parent=11511"}],"curies":[{"name":"wp","href":"https:\/\/api.w.org\/{rel}","templated":true}]}}