{"id":11501,"date":"2023-03-23T22:51:55","date_gmt":"2023-03-23T20:51:55","guid":{"rendered":"https:\/\/mrsshop.demowebserver.de\/ueber-uns\/"},"modified":"2024-04-14T17:55:14","modified_gmt":"2024-04-14T14:55:14","slug":"ueber-uns","status":"publish","type":"page","link":"https:\/\/shop.mrs-electronic.com\/de\/ueber-uns\/","title":{"rendered":"\u00dcber uns"},"content":{"rendered":"\t\t<div data-elementor-type=\"wp-page\" data-elementor-id=\"11501\" class=\"elementor elementor-11501 elementor-8950\" data-elementor-post-type=\"page\">\n\t\t\t\t<div class=\"wd-negative-gap elementor-element elementor-element-567ff3f e-flex e-con-boxed e-con e-parent\" data-id=\"567ff3f\" data-element_type=\"container\" data-e-type=\"container\">\n\t\t\t\t\t<div class=\"e-con-inner\">\n\t\t<div class=\"elementor-element elementor-element-36abaf1 e-con-full e-flex e-con e-child\" data-id=\"36abaf1\" data-element_type=\"container\" data-e-type=\"container\">\n\t\t\t\t<div class=\"elementor-element elementor-element-eef3da5 elementor-widget elementor-widget-image\" data-id=\"eef3da5\" data-element_type=\"widget\" data-e-type=\"widget\" data-widget_type=\"image.default\">\n\t\t\t\t<div class=\"elementor-widget-container\">\n\t\t\t\t\t\t\t\t\t\t\t\t\t\t\t<img decoding=\"async\" width=\"1024\" height=\"650\" src=\"https:\/\/shop.mrs-electronic.com\/wp-content\/uploads\/2023\/03\/about-1-1024x650.jpg\" class=\"attachment-large size-large wp-image-11027\" alt=\"\" srcset=\"https:\/\/shop.mrs-electronic.com\/wp-content\/uploads\/2023\/03\/about-1-1024x650.jpg 1024w, https:\/\/shop.mrs-electronic.com\/wp-content\/uploads\/2023\/03\/about-1-300x190.jpg 300w, https:\/\/shop.mrs-electronic.com\/wp-content\/uploads\/2023\/03\/about-1-430x273.jpg 430w, https:\/\/shop.mrs-electronic.com\/wp-content\/uploads\/2023\/03\/about-1-600x381.jpg 600w, https:\/\/shop.mrs-electronic.com\/wp-content\/uploads\/2023\/03\/about-1-768x487.jpg 768w, https:\/\/shop.mrs-electronic.com\/wp-content\/uploads\/2023\/03\/about-1.jpg 1154w\" sizes=\"(max-width: 1024px) 100vw, 1024px\" \/>\t\t\t\t\t\t\t\t\t\t\t\t\t\t\t<\/div>\n\t\t\t\t<\/div>\n\t\t\t\t<\/div>\n\t\t<div class=\"elementor-element elementor-element-5b9d767 e-con-full e-flex e-con e-child\" data-id=\"5b9d767\" data-element_type=\"container\" data-e-type=\"container\">\n\t\t\t\t<div class=\"elementor-element elementor-element-2996413 elementor-widget elementor-widget-heading\" data-id=\"2996413\" data-element_type=\"widget\" data-e-type=\"widget\" data-widget_type=\"heading.default\">\n\t\t\t\t<div class=\"elementor-widget-container\">\n\t\t\t\t\t<h1 class=\"elementor-heading-title elementor-size-default\">Wer wir sind<\/h1>\t\t\t\t<\/div>\n\t\t\t\t<\/div>\n\t\t\t\t<div class=\"elementor-element elementor-element-5514be9 color-scheme-inherit text-left elementor-widget elementor-widget-text-editor\" data-id=\"5514be9\" data-element_type=\"widget\" data-e-type=\"widget\" data-widget_type=\"text-editor.default\">\n\t\t\t\t<div class=\"elementor-widget-container\">\n\t\t\t\t\t\t\t\t\t<p>MRS Electronic &#8211; YOUR VISION. OUR TECHNOLOGY.<\/p>\n\t\t\t\t\t\t\t\t<\/div>\n\t\t\t\t<\/div>\n\t\t\t\t<div class=\"elementor-element elementor-element-184759f color-scheme-inherit text-left elementor-widget elementor-widget-text-editor\" data-id=\"184759f\" data-element_type=\"widget\" data-e-type=\"widget\" data-widget_type=\"text-editor.default\">\n\t\t\t\t<div class=\"elementor-widget-container\">\n\t\t\t\t\t\t\t\t\t<p>Seit mehr als 20 Jahren entwickeln und produzieren wir innovative Fahrzeugelektronik f\u00fcr verschiedene Branchen. Wir erstellen passende Hard- und Softwarel\u00f6sungen f\u00fcr Ihre individuellen Anforderungen. Und wir bieten Ihnen modernste Ladel\u00f6sungen in der E-Mobilit\u00e4t.<\/p>\n<p>Neben unserem Hauptsitz haben wir in den letzten Jahren viele internationale Standorte aufgebaut, darunter in den USA, Polen, Lettland, Kroatien und der T\u00fcrkei. Und unser globales Partnernetz w\u00e4chst weiter. Dies erm\u00f6glicht es uns, Ihre Visionen weltweit mit unserer Technologie zu realisieren.<\/p>\n\t\t\t\t\t\t\t\t<\/div>\n\t\t\t\t<\/div>\n\t\t\t\t<\/div>\n\t\t\t\t\t<\/div>\n\t\t\t\t<\/div>\n\t\t<div class=\"wd-negative-gap elementor-element elementor-element-0e74087 e-flex e-con-boxed e-con e-parent\" data-id=\"0e74087\" data-element_type=\"container\" data-e-type=\"container\">\n\t\t\t\t\t<div class=\"e-con-inner\">\n\t\t<div class=\"elementor-element elementor-element-b09d171 e-con-full e-flex e-con e-child\" data-id=\"b09d171\" data-element_type=\"container\" data-e-type=\"container\">\n\t\t<div class=\"elementor-element elementor-element-5b3606d e-con-full e-flex e-con e-child\" data-id=\"5b3606d\" data-element_type=\"container\" data-e-type=\"container\">\n\t\t\t\t<div class=\"elementor-element elementor-element-bce40d5 elementor-hidden-desktop elementor-widget elementor-widget-image\" data-id=\"bce40d5\" data-element_type=\"widget\" data-e-type=\"widget\" data-widget_type=\"image.default\">\n\t\t\t\t<div class=\"elementor-widget-container\">\n\t\t\t\t\t\t\t\t\t\t\t\t\t\t\t<img decoding=\"async\" width=\"1024\" height=\"629\" src=\"https:\/\/shop.mrs-electronic.com\/wp-content\/uploads\/2023\/03\/about-2-1024x629.jpg\" class=\"attachment-large size-large wp-image-11028\" alt=\"\" srcset=\"https:\/\/shop.mrs-electronic.com\/wp-content\/uploads\/2023\/03\/about-2-1024x629.jpg 1024w, https:\/\/shop.mrs-electronic.com\/wp-content\/uploads\/2023\/03\/about-2-300x184.jpg 300w, https:\/\/shop.mrs-electronic.com\/wp-content\/uploads\/2023\/03\/about-2-430x264.jpg 430w, https:\/\/shop.mrs-electronic.com\/wp-content\/uploads\/2023\/03\/about-2-600x369.jpg 600w, https:\/\/shop.mrs-electronic.com\/wp-content\/uploads\/2023\/03\/about-2-768x472.jpg 768w, https:\/\/shop.mrs-electronic.com\/wp-content\/uploads\/2023\/03\/about-2.jpg 1156w\" sizes=\"(max-width: 1024px) 100vw, 1024px\" \/>\t\t\t\t\t\t\t\t\t\t\t\t\t\t\t<\/div>\n\t\t\t\t<\/div>\n\t\t\t\t<\/div>\n\t\t\t\t<div class=\"elementor-element elementor-element-bbe5c11 elementor-widget elementor-widget-heading\" data-id=\"bbe5c11\" data-element_type=\"widget\" data-e-type=\"widget\" data-widget_type=\"heading.default\">\n\t\t\t\t<div class=\"elementor-widget-container\">\n\t\t\t\t\t<h2 class=\"elementor-heading-title elementor-size-default\">\u00dcber unseren Online-Shop<\/h2>\t\t\t\t<\/div>\n\t\t\t\t<\/div>\n\t\t\t\t<div class=\"elementor-element elementor-element-f6a777c color-scheme-inherit text-left elementor-widget elementor-widget-text-editor\" data-id=\"f6a777c\" data-element_type=\"widget\" data-e-type=\"widget\" data-widget_type=\"text-editor.default\">\n\t\t\t\t<div class=\"elementor-widget-container\">\n\t\t\t\t\t\t\t\t\t<p>In unserem Online-Shop finden Sie unsere frei programmierbaren Steuerungen und Relais sowie unsere robusten und zuverl\u00e4ssigen MCharger Ladel\u00f6sungen.<\/p>\n<p>Wir bieten Ihnen eine Vielzahl an hochwertigen Elektronikl\u00f6sungen f\u00fcr verschiedene Branchen und Fahrzeugapplikationen an. Ob Hydraulik-, Licht- oder Motorsteuerungen sowie die Sensorverarbeitung, Anh\u00e4ngersteuerung oder Emissions\u00fcberwachung \u2013 mit unseren flexiblen und kompakten MRS Modulen lassen sich die unterschiedlichsten Funktionen realisieren.<\/p>\n<p>Ben\u00f6tigen Sie eine kundenspezifische L\u00f6sung, die nicht in unserem Online-Shop erh\u00e4ltlich ist? Dann kontaktieren Sie uns gerne unter <a href=\"mailto:shop@mrs-electronic.com\">shop@mrs-electronic.com<\/a> und wir suchen gemeinsam nach der passenden L\u00f6sung f\u00fcr Sie.<\/p>\n\t\t\t\t\t\t\t\t<\/div>\n\t\t\t\t<\/div>\n\t\t\t\t<\/div>\n\t\t<div class=\"elementor-element elementor-element-ba57ec5 e-con-full e-flex e-con e-child\" data-id=\"ba57ec5\" data-element_type=\"container\" data-e-type=\"container\">\n\t\t\t\t<div class=\"elementor-element elementor-element-83eb4e6 elementor-hidden-mobile elementor-hidden-tablet elementor-widget elementor-widget-image\" data-id=\"83eb4e6\" data-element_type=\"widget\" data-e-type=\"widget\" data-widget_type=\"image.default\">\n\t\t\t\t<div class=\"elementor-widget-container\">\n\t\t\t\t\t\t\t\t\t\t\t\t\t\t\t<img decoding=\"async\" width=\"1024\" height=\"629\" src=\"https:\/\/shop.mrs-electronic.com\/wp-content\/uploads\/2023\/03\/about-2-1024x629.jpg\" class=\"attachment-large size-large wp-image-11028\" alt=\"\" srcset=\"https:\/\/shop.mrs-electronic.com\/wp-content\/uploads\/2023\/03\/about-2-1024x629.jpg 1024w, https:\/\/shop.mrs-electronic.com\/wp-content\/uploads\/2023\/03\/about-2-300x184.jpg 300w, https:\/\/shop.mrs-electronic.com\/wp-content\/uploads\/2023\/03\/about-2-430x264.jpg 430w, https:\/\/shop.mrs-electronic.com\/wp-content\/uploads\/2023\/03\/about-2-600x369.jpg 600w, https:\/\/shop.mrs-electronic.com\/wp-content\/uploads\/2023\/03\/about-2-768x472.jpg 768w, https:\/\/shop.mrs-electronic.com\/wp-content\/uploads\/2023\/03\/about-2.jpg 1156w\" sizes=\"(max-width: 1024px) 100vw, 1024px\" \/>\t\t\t\t\t\t\t\t\t\t\t\t\t\t\t<\/div>\n\t\t\t\t<\/div>\n\t\t\t\t<\/div>\n\t\t\t\t\t<\/div>\n\t\t\t\t<\/div>\n\t\t<div class=\"wd-negative-gap elementor-element elementor-element-68a77d7 e-flex e-con-boxed e-con e-parent\" data-id=\"68a77d7\" data-element_type=\"container\" data-e-type=\"container\">\n\t\t\t\t\t<div class=\"e-con-inner\">\n\t\t\t\t<div class=\"elementor-element elementor-element-ab69fe7 elementor-widget elementor-widget-heading\" data-id=\"ab69fe7\" data-element_type=\"widget\" data-e-type=\"widget\" data-widget_type=\"heading.default\">\n\t\t\t\t<div class=\"elementor-widget-container\">\n\t\t\t\t\t<h2 class=\"elementor-heading-title elementor-size-default\">Unsere Vorteile<\/h2>\t\t\t\t<\/div>\n\t\t\t\t<\/div>\n\t\t\t\t\t<\/div>\n\t\t\t\t<\/div>\n\t\t<div class=\"wd-negative-gap elementor-element elementor-element-f7f32eb e-flex e-con-boxed e-con e-parent\" data-id=\"f7f32eb\" data-element_type=\"container\" data-e-type=\"container\">\n\t\t\t\t\t<div class=\"e-con-inner\">\n\t\t<div class=\"wd-negative-gap elementor-element elementor-element-2a2c8ef e-flex e-con-boxed e-con e-child\" data-id=\"2a2c8ef\" data-element_type=\"container\" data-e-type=\"container\">\n\t\t\t\t\t<div class=\"e-con-inner\">\n\t\t\t\t<div class=\"elementor-element elementor-element-2907ef9 elementor-widget elementor-widget-wd_infobox\" data-id=\"2907ef9\" data-element_type=\"widget\" data-e-type=\"widget\" data-widget_type=\"wd_infobox.default\">\n\t\t\t\t<div class=\"elementor-widget-container\">\n\t\t\t\t\t\t\t<div class=\"info-box-wrapper\">\n\t\t\t<div class=\"wd-info-box text-left box-icon-align-left box-style-base color-scheme- wd-items-top\">\n\t\t\t\t\t\t\t\t\t<div class=\"box-icon-wrapper  box-with-text text-size-large box-icon-simple\">\n\t\t\t\t\t\t<div class=\"info-box-icon\">\n\t\t\t\t\t\t\t\t\t\t\t\t\t\t\t01.\t\t\t\t\t\t\t\t\t\t\t\t\t<\/div>\n\t\t\t\t\t<\/div>\n\t\t\t\t\n\t\t\t\t<div class=\"info-box-content\">\n\t\t\t\t\t\n\t\t\t\t\t\t\t\t\t\t\t<h4\t\t\t\t\t\tclass=\"info-box-title title box-title-style-default wd-fontsize-m\" data-elementor-setting-key=\"title\">\n\t\t\t\t\t\t\t\t20 Jahre Erfahrung\t\t\t\t\t\t<\/h4>\n\t\t\t\t\t\n\t\t\t\t\t<div class=\"info-box-inner reset-last-child\"data-elementor-setting-key=\"content\"><p>Hersteller, der seit 1999 auf dem Markt t\u00e4tig ist.<\/p>\n<\/div>\n\n\t\t\t\t\t\t\t\t\t<\/div>\n\n\t\t\t\t\t\t\t<\/div>\n\t\t<\/div>\n\t\t\t\t\t\t<\/div>\n\t\t\t\t<\/div>\n\t\t\t\t\t<\/div>\n\t\t\t\t<\/div>\n\t\t<div class=\"wd-negative-gap elementor-element elementor-element-bfea75f e-flex e-con-boxed e-con e-child\" data-id=\"bfea75f\" data-element_type=\"container\" data-e-type=\"container\">\n\t\t\t\t\t<div class=\"e-con-inner\">\n\t\t\t\t<div class=\"elementor-element elementor-element-b56b9d3 elementor-widget elementor-widget-wd_infobox\" data-id=\"b56b9d3\" data-element_type=\"widget\" data-e-type=\"widget\" data-widget_type=\"wd_infobox.default\">\n\t\t\t\t<div class=\"elementor-widget-container\">\n\t\t\t\t\t\t\t<div class=\"info-box-wrapper\">\n\t\t\t<div class=\"wd-info-box text-left box-icon-align-left box-style-base color-scheme- wd-items-top\">\n\t\t\t\t\t\t\t\t\t<div class=\"box-icon-wrapper  box-with-text text-size-large box-icon-simple\">\n\t\t\t\t\t\t<div class=\"info-box-icon\">\n\t\t\t\t\t\t\t\t\t\t\t\t\t\t\t02.\t\t\t\t\t\t\t\t\t\t\t\t\t<\/div>\n\t\t\t\t\t<\/div>\n\t\t\t\t\n\t\t\t\t<div class=\"info-box-content\">\n\t\t\t\t\t\n\t\t\t\t\t\t\t\t\t\t\t<h4\t\t\t\t\t\tclass=\"info-box-title title box-title-style-default wd-fontsize-m\" data-elementor-setting-key=\"title\">\n\t\t\t\t\t\t\t\tMade in Germany\u200b\t\t\t\t\t\t<\/h4>\n\t\t\t\t\t\n\t\t\t\t\t<div class=\"info-box-inner reset-last-child\"data-elementor-setting-key=\"content\"><p>Vollst\u00e4ndiger Entwicklungs- und Produktionszyklus in Rottweil.<\/p>\n<\/div>\n\n\t\t\t\t\t\t\t\t\t<\/div>\n\n\t\t\t\t\t\t\t<\/div>\n\t\t<\/div>\n\t\t\t\t\t\t<\/div>\n\t\t\t\t<\/div>\n\t\t\t\t\t<\/div>\n\t\t\t\t<\/div>\n\t\t<div class=\"wd-negative-gap elementor-element elementor-element-2aaf093 e-flex e-con-boxed e-con e-child\" data-id=\"2aaf093\" data-element_type=\"container\" data-e-type=\"container\">\n\t\t\t\t\t<div class=\"e-con-inner\">\n\t\t\t\t<div class=\"elementor-element elementor-element-431ebf3 elementor-widget elementor-widget-wd_infobox\" data-id=\"431ebf3\" data-element_type=\"widget\" data-e-type=\"widget\" data-widget_type=\"wd_infobox.default\">\n\t\t\t\t<div class=\"elementor-widget-container\">\n\t\t\t\t\t\t\t<div class=\"info-box-wrapper\">\n\t\t\t<div class=\"wd-info-box text-left box-icon-align-left box-style-base color-scheme- wd-items-top\">\n\t\t\t\t\t\t\t\t\t<div class=\"box-icon-wrapper  box-with-text text-size-large box-icon-simple\">\n\t\t\t\t\t\t<div class=\"info-box-icon\">\n\t\t\t\t\t\t\t\t\t\t\t\t\t\t\t03.\t\t\t\t\t\t\t\t\t\t\t\t\t<\/div>\n\t\t\t\t\t<\/div>\n\t\t\t\t\n\t\t\t\t<div class=\"info-box-content\">\n\t\t\t\t\t\n\t\t\t\t\t\t\t\t\t\t\t<h4\t\t\t\t\t\tclass=\"info-box-title title box-title-style-default wd-fontsize-m\" data-elementor-setting-key=\"title\">\n\t\t\t\t\t\t\t\tISO-Zertifikat\t\t\t\t\t\t<\/h4>\n\t\t\t\t\t\n\t\t\t\t\t<div class=\"info-box-inner reset-last-child\"data-elementor-setting-key=\"content\"><p>Zertifizierte Entwicklungs- und Produktionssysteme.<\/p>\n<\/div>\n\n\t\t\t\t\t\t\t\t\t<\/div>\n\n\t\t\t\t\t\t\t<\/div>\n\t\t<\/div>\n\t\t\t\t\t\t<\/div>\n\t\t\t\t<\/div>\n\t\t\t\t\t<\/div>\n\t\t\t\t<\/div>\n\t\t\t\t\t<\/div>\n\t\t\t\t<\/div>\n\t\t\t\t<\/div>\n\t\t","protected":false},"excerpt":{"rendered":"<p>Wer wir sind MRS Electronic &#8211; YOUR VISION. OUR TECHNOLOGY. Seit mehr als 20 Jahren entwickeln und produzieren wir innovative<\/p>\n","protected":false},"author":1,"featured_media":0,"parent":0,"menu_order":0,"comment_status":"closed","ping_status":"closed","template":"","meta":{"footnotes":""},"class_list":["post-11501","page","type-page","status-publish","hentry"],"_links":{"self":[{"href":"https:\/\/shop.mrs-electronic.com\/de\/wp-json\/wp\/v2\/pages\/11501","targetHints":{"allow":["GET"]}}],"collection":[{"href":"https:\/\/shop.mrs-electronic.com\/de\/wp-json\/wp\/v2\/pages"}],"about":[{"href":"https:\/\/shop.mrs-electronic.com\/de\/wp-json\/wp\/v2\/types\/page"}],"author":[{"embeddable":true,"href":"https:\/\/shop.mrs-electronic.com\/de\/wp-json\/wp\/v2\/users\/1"}],"replies":[{"embeddable":true,"href":"https:\/\/shop.mrs-electronic.com\/de\/wp-json\/wp\/v2\/comments?post=11501"}],"version-history":[{"count":0,"href":"https:\/\/shop.mrs-electronic.com\/de\/wp-json\/wp\/v2\/pages\/11501\/revisions"}],"wp:attachment":[{"href":"https:\/\/shop.mrs-electronic.com\/de\/wp-json\/wp\/v2\/media?parent=11501"}],"curies":[{"name":"wp","href":"https:\/\/api.w.org\/{rel}","templated":true}]}}