{"id":11497,"date":"2023-08-23T17:52:09","date_gmt":"2023-08-23T15:52:09","guid":{"rendered":"https:\/\/mrsshop.demowebserver.de\/impressum\/"},"modified":"2025-07-22T15:31:55","modified_gmt":"2025-07-22T13:31:55","slug":"impressum","status":"publish","type":"page","link":"https:\/\/shop.mrs-electronic.com\/de\/impressum\/","title":{"rendered":"Impressum"},"content":{"rendered":"\t\t<div data-elementor-type=\"wp-page\" data-elementor-id=\"11497\" class=\"elementor elementor-11497 elementor-10492\" data-elementor-post-type=\"page\">\n\t\t\t\t<div class=\"wd-negative-gap elementor-element elementor-element-5808f19e e-flex e-con-boxed e-con e-parent\" data-id=\"5808f19e\" data-element_type=\"container\" data-e-type=\"container\">\n\t\t\t\t\t<div class=\"e-con-inner\">\n\t\t\t\t<div class=\"elementor-element elementor-element-5f2fc83a color-scheme-inherit text-left elementor-widget elementor-widget-text-editor\" data-id=\"5f2fc83a\" data-element_type=\"widget\" data-e-type=\"widget\" data-widget_type=\"text-editor.default\">\n\t\t\t\t<div class=\"elementor-widget-container\">\n\t\t\t\t\t\t\t\t\t<p><strong>MRS Electronic GmbH &amp; Co. KG<\/strong><br>Klaus-Gutsch-Str. 7<br>78628 Rottweil, Deutschland<\/p><p>Telefon: +49 (0)741 \/ 2807 &#8211; 0<br>E-Mail: <a href=\"mailto:shop@mrs-electronic.com\">shop@mrs-electronic.com<\/a>; <br>Internet: <a href=\"https:\/\/shop.mrs-electronic.com\/de\/\">https:\/\/shop.mrs-electronic.com\/<\/a><\/p><p>MRS Electronic GmbH &amp; Co. KG wird vertreten durch die pers\u00f6nlich haftende Gesellschaft: MRS Holding GmbH, Amtsgericht Stuttgart, HRB 470815; diese wird vertreten durch: CEO G\u00fcnther D\u00f6rgeloh Registergericht: Amtsgericht Stuttgart Handelsregister Registernummer: HRA 732915 Umsatzsteuer-Identifikationsnummer gem\u00e4\u00df \u00a7 27a Umsatzsteuergesetz: DE815659296 Inhaltlich Verantwortlicher gem\u00e4\u00df \u00a7 55 Rundfunkstaatsvertrag (RStV): G\u00fcnther D\u00f6rgeloh, Klaus-Gutsch-Str. 7, 78628 Rottweil<\/p>\t\t\t\t\t\t\t\t<\/div>\n\t\t\t\t<\/div>\n\t\t\t\t\t<\/div>\n\t\t\t\t<\/div>\n\t\t<div class=\"wd-negative-gap elementor-element elementor-element-57ac9ea e-flex e-con-boxed e-con e-parent\" data-id=\"57ac9ea\" data-element_type=\"container\" data-e-type=\"container\">\n\t\t\t\t\t<div class=\"e-con-inner\">\n\t\t\t\t<div class=\"elementor-element elementor-element-2a48d3f color-scheme-inherit text-left elementor-widget elementor-widget-text-editor\" data-id=\"2a48d3f\" data-element_type=\"widget\" data-e-type=\"widget\" data-widget_type=\"text-editor.default\">\n\t\t\t\t<div class=\"elementor-widget-container\">\n\t\t\t\t\t\t\t\t\t<p><strong>Erkl\u00e4rung zur Barrierefreiheit<\/strong><\/p><p>Die MRS Electronic GmbH &amp; Co. KG ist bem\u00fcht, ihre Webseiten in Einklang mit \u00a7 10 Absatz 1 des Landes-Behindertengleichstellungsgesetzes (L-BGG) barrierefrei zug\u00e4nglich zu machen. Diese Erkl\u00e4rung zur Barrierefreiheit gilt f\u00fcr die Unternehmenswebsites (<a href=\"https:\/\/www.mrs-electronic.com\/\">https:\/\/www.mrs-electronic.com\/<\/a> und <a href=\"https:\/\/marine.mrs-electronic.com\/\">https:\/\/marine.mrs-electronic.com\/<\/a>) sowie den Online-Shop (<a href=\"https:\/\/shop.mrs-electronic.com\/de\/\">https:\/\/shop.mrs-electronic.com\/<\/a>). <\/p><ol><li>Stand der Vereinbarkeit mit den Anforderungen<\/li><\/ol><p>a) Diese Webseiten sind wegen der folgenden Unvereinbarkeiten und Ausnahmen teilweise mit \u00a7 10 Absatz 1 L-BGG vereinbar.<\/p><ol start=\"2\"><li>Nicht barrierefreie Inhalte<\/li><\/ol><p>Die nachstehend aufgef\u00fchrten Inhalte sind aus den folgenden Gr\u00fcnden nicht barrierefrei:<\/p><p>a) Unvereinbarkeit mit \u00a7 10 Absatz 1 L-BGG<\/p><ul><li>Alternativtexte: Nicht alle grafischen Inhalte verf\u00fcgen \u00fcber angemessene Alternativtexte und Alternativbeschreibungen. Diese Inhalte \u00fcberpr\u00fcfen und \u00fcberarbeiten wir laufend. <\/li><li>Kontrast: Einzelne Elemente auf der Website erf\u00fcllen derzeit nicht das erforderliche Kontrastverh\u00e4ltnis. Wir sind bem\u00fcht diese Kontraste anzupassen. <\/li><li>Tastaturbedienbarkeit: Vereinzelte interaktive Elemente sind derzeit nicht vollst\u00e4ndig per Tastatur bedienbar. Wir arbeiten daran die vollst\u00e4ndige Tastaturzug\u00e4nglichkeit sicherzustellen. <\/li><li>Bewegte Inhalte\/ Videos: Auf der Website sind wenige bewegte Inhalte vorhanden, die kein Bedienelement aufweisen. Wir arbeiten daran diese Inhalte bedienbar zu machen. <\/li><li>Fach- und Fremdw\u00f6rter: In einigen Inhalten und Texten der Website sind Fach- und Fremdw\u00f6rter enthalten. Wir versuchen deren Nutzung auf das Notwendigste zu reduzieren und stehen bei Fragen selbstverst\u00e4ndlich zur Verf\u00fcgung. <\/li><li>Verlinkungen nach Extern: Es kann vorkommen, dass Verlinkungen nach Extern zu nicht barrierefreien Inhalten f\u00fchren.<\/li><\/ul><p>b) Unverh\u00e4ltnism\u00e4\u00dfige Belastung<\/p><ul><li>Bestehende bzw. veraltete Inhalte und Dateien wurden nicht durchg\u00e4ngig kontrolliert und werden aufgrund des Umfangs und geringen Mehrwerts f\u00fcr Websitenutzer*innen nicht \u00fcberarbeitet. Das kann z. B. PDF-Dateien oder Alternativtexte bei Bildern betreffen. <\/li><\/ul><p>c) Die Inhalte fallen nicht in den Anwendungsbereich der anwendbaren Rechtsvorschriften<\/p><ul><li>Veraltete News: Newsbeitr\u00e4ge, die nicht mehr als relevant erachtet werden, wurden wegen des Umfangs nicht auf Zug\u00e4nglichkeit gepr\u00fcft.<\/li><\/ul><ol start=\"3\"><li>Erstellung dieser Erkl\u00e4rung zur Barrierefreiheit<\/li><\/ol><p>Diese Erkl\u00e4rung wurde am 17.06.2025 auf Grundlage einer durchgef\u00fchrten Selbstbewertung erstellt.<\/p><p>Die Erkl\u00e4rung wurde zuletzt am 14.07.2025 \u00fcberpr\u00fcft.<\/p><ol start=\"4\"><li>R\u00fcckmeldung und Kontaktangaben<\/li><\/ol><p>Sie m\u00f6chten der MRS Electronic GmbH &amp; Co. KG etwaige M\u00e4ngel in Bezug auf die Einhaltung der Barrierefreiheitsanforderungen mitteilen und Informationen \u00fcber die von der Anwendung des \u00a7 10 Absatz 1 L-BGG ausgenommenen Inhalte einholen? Hierf\u00fcr k\u00f6nnen Sie die folgende E-Mail-Adresse nutzen: marketing@mrs-electronic.com <\/p><p><a href=\"https:\/\/www.mrs-electronic.com\/rueckmeldefunktion-barrierefreiheit\">Oder das hierf\u00fcr eingerichtete Kontaktformular: https:\/\/www.mrs-electronic.com\/rueckmeldefunktion-barrierefreiheit<\/a><\/p><ol start=\"5\"><li>Schlichtungsverfahren<\/li><\/ol><p>Wenn Sie der Meinung sind, dass diese Webseiten nicht barrierefrei zug\u00e4nglich sind, k\u00f6nnen Sie unsere in Ziffer 4 genannte Stelle oder Person dar\u00fcber informieren.<\/p><p>Falls wir Ihnen nicht oder nicht zufriedenstellend innerhalb von vier Wochen ab Zugang Ihrer Anfrage antworten, k\u00f6nnen Sie sich an die Schlichtungsstelle des Landeszentrums Barrierefreiheit (LZ-BARR) wenden. Die Schlichtungsstelle erreichen Sie wie folgt: <\/p><p>Landeszentrum Barrierefreiheit <br>Schlichtungsstelle<br>Else-Josenhans-Stra\u00dfe 6 <br>70173 Stuttgart <br>Telefon: 0711 123 39375 <br>E-Mail: <a href=\"mailto:schlichtung@barrierefreiheit.bwl.de\">schlichtung@barrierefreiheit.bwl.de<\/a><br>Website: <a href=\"https:\/\/barrierefreiheit-bw.de\/\" target=\"_blank\" rel=\"noopener\">https:\/\/barrierefreiheit-bw.de\/<\/a><\/p><p>Das Schlichtungsverfahren ist unentgeltlich.<\/p><p>Auf die M\u00f6glichkeit des Verbandsklagerechts nach \u00a7 12 Absatz 1 Satz 1 Nummer 4 L-BGG wird hingewiesen.<\/p>\t\t\t\t\t\t\t\t<\/div>\n\t\t\t\t<\/div>\n\t\t\t\t\t<\/div>\n\t\t\t\t<\/div>\n\t\t\t\t<\/div>\n\t\t","protected":false},"excerpt":{"rendered":"<p>MRS Electronic GmbH &amp; Co. KGKlaus-Gutsch-Str. 778628 Rottweil, Deutschland Telefon: +49 (0)741 \/ 2807 &#8211; 0E-Mail: shop@mrs-electronic.com; Internet: https:\/\/shop.mrs-electronic.com\/ MRS<\/p>\n","protected":false},"author":2,"featured_media":0,"parent":0,"menu_order":0,"comment_status":"closed","ping_status":"closed","template":"","meta":{"footnotes":""},"class_list":["post-11497","page","type-page","status-publish","hentry"],"_links":{"self":[{"href":"https:\/\/shop.mrs-electronic.com\/de\/wp-json\/wp\/v2\/pages\/11497","targetHints":{"allow":["GET"]}}],"collection":[{"href":"https:\/\/shop.mrs-electronic.com\/de\/wp-json\/wp\/v2\/pages"}],"about":[{"href":"https:\/\/shop.mrs-electronic.com\/de\/wp-json\/wp\/v2\/types\/page"}],"author":[{"embeddable":true,"href":"https:\/\/shop.mrs-electronic.com\/de\/wp-json\/wp\/v2\/users\/2"}],"replies":[{"embeddable":true,"href":"https:\/\/shop.mrs-electronic.com\/de\/wp-json\/wp\/v2\/comments?post=11497"}],"version-history":[{"count":0,"href":"https:\/\/shop.mrs-electronic.com\/de\/wp-json\/wp\/v2\/pages\/11497\/revisions"}],"wp:attachment":[{"href":"https:\/\/shop.mrs-electronic.com\/de\/wp-json\/wp\/v2\/media?parent=11497"}],"curies":[{"name":"wp","href":"https:\/\/api.w.org\/{rel}","templated":true}]}}